{"id":4251,"date":"2025-05-28T20:09:02","date_gmt":"2025-05-28T20:09:02","guid":{"rendered":"https:\/\/sagiengineering.com\/?page_id=4251"},"modified":"2025-06-13T19:54:58","modified_gmt":"2025-06-13T19:54:58","slug":"proyectos-6","status":"publish","type":"page","link":"https:\/\/sagiengineering.com\/en\/proyectos-6\/","title":{"rendered":"Proyectos &#8211; 6"},"content":{"rendered":"<div data-elementor-type=\"wp-page\" data-elementor-id=\"4251\" class=\"elementor elementor-4251\" data-elementor-post-type=\"page\">\n\t\t\t\t<div class=\"elementor-element elementor-element-a0179f3 e-flex e-con-boxed e-con e-parent\" data-id=\"a0179f3\" data-element_type=\"container\" data-settings=\"{&quot;background_background&quot;:&quot;classic&quot;}\">\n\t\t\t\t\t<div class=\"e-con-inner\">\n\t\t<div class=\"elementor-element elementor-element-5b4fec1 e-con-full e-flex e-con e-child\" data-id=\"5b4fec1\" data-element_type=\"container\">\n\t\t\t\t<div class=\"elementor-element elementor-element-54aab66 elementor-widget elementor-widget-heading\" data-id=\"54aab66\" data-element_type=\"widget\" data-widget_type=\"heading.default\">\n\t\t\t\t<div class=\"elementor-widget-container\">\n\t\t\t\t\t<h1 class=\"elementor-heading-title elementor-size-default\">Our Projects<\/h1>\t\t\t\t<\/div>\n\t\t\t\t<\/div>\n\t\t\t\t<div class=\"elementor-element elementor-element-e56ef5a elementor-widget elementor-widget-heading\" data-id=\"e56ef5a\" data-element_type=\"widget\" data-widget_type=\"heading.default\">\n\t\t\t\t<div class=\"elementor-widget-container\">\n\t\t\t\t\t<h5 class=\"elementor-heading-title elementor-size-default\">Each project tells a story of innovation, precision, and commitment to excellence in engineering and energy solutions.<\/h5>\t\t\t\t<\/div>\n\t\t\t\t<\/div>\n\t\t\t\t<\/div>\n\t\t\t\t\t<\/div>\n\t\t\t\t<\/div>\n\t\t<div class=\"elementor-element elementor-element-a7f1f75 e-flex e-con-boxed e-con e-parent\" data-id=\"a7f1f75\" data-element_type=\"container\">\n\t\t\t\t\t<div class=\"e-con-inner\">\n\t\t\t\t<div class=\"elementor-element elementor-element-cdb8fee elementor-widget elementor-widget-spacer\" data-id=\"cdb8fee\" data-element_type=\"widget\" data-widget_type=\"spacer.default\">\n\t\t\t\t<div class=\"elementor-widget-container\">\n\t\t\t\t\t\t\t<div class=\"elementor-spacer\">\n\t\t\t<div class=\"elementor-spacer-inner\"><\/div>\n\t\t<\/div>\n\t\t\t\t\t\t<\/div>\n\t\t\t\t<\/div>\n\t\t\t\t<div class=\"elementor-element elementor-element-61ab1d7 elementor-widget elementor-widget-heading\" data-id=\"61ab1d7\" data-element_type=\"widget\" data-widget_type=\"heading.default\">\n\t\t\t\t<div class=\"elementor-widget-container\">\n\t\t\t\t\t<h1 class=\"elementor-heading-title elementor-size-default\">Puerto Boyac\u00e1 Hospital<\/h1>\t\t\t\t<\/div>\n\t\t\t\t<\/div>\n\t\t\t\t<div class=\"elementor-element elementor-element-a0dbc01 elementor-widget-divider--view-line elementor-widget elementor-widget-divider\" data-id=\"a0dbc01\" data-element_type=\"widget\" data-widget_type=\"divider.default\">\n\t\t\t\t<div class=\"elementor-widget-container\">\n\t\t\t\t\t\t\t<div class=\"elementor-divider\">\n\t\t\t<span class=\"elementor-divider-separator\">\n\t\t\t\t\t\t<\/span>\n\t\t<\/div>\n\t\t\t\t\t\t<\/div>\n\t\t\t\t<\/div>\n\t\t\t\t<div class=\"elementor-element elementor-element-37487a1 elementor-widget elementor-widget-spacer\" data-id=\"37487a1\" data-element_type=\"widget\" data-widget_type=\"spacer.default\">\n\t\t\t\t<div class=\"elementor-widget-container\">\n\t\t\t\t\t\t\t<div class=\"elementor-spacer\">\n\t\t\t<div class=\"elementor-spacer-inner\"><\/div>\n\t\t<\/div>\n\t\t\t\t\t\t<\/div>\n\t\t\t\t<\/div>\n\t\t\t\t\t<\/div>\n\t\t\t\t<\/div>\n\t\t<div class=\"elementor-element elementor-element-d597884 e-flex e-con-boxed e-con e-parent\" data-id=\"d597884\" data-element_type=\"container\">\n\t\t\t\t\t<div class=\"e-con-inner\">\n\t\t<div class=\"elementor-element elementor-element-ce78e2c e-con-full e-flex e-con e-child\" data-id=\"ce78e2c\" data-element_type=\"container\">\n\t\t\t\t<div class=\"elementor-element elementor-element-8600014 elementor-widget elementor-widget-image\" data-id=\"8600014\" data-element_type=\"widget\" data-widget_type=\"image.default\">\n\t\t\t\t<div class=\"elementor-widget-container\">\n\t\t\t\t\t\t\t\t\t\t\t\t\t\t\t<img fetchpriority=\"high\" decoding=\"async\" width=\"1600\" height=\"1067\" src=\"https:\/\/sagiengineering.com\/wp-content\/uploads\/2025\/05\/hospital-boyaca.jpeg\" class=\"attachment-full size-full wp-image-3865\" alt=\"\" srcset=\"https:\/\/sagiengineering.com\/wp-content\/uploads\/2025\/05\/hospital-boyaca.jpeg 1600w, https:\/\/sagiengineering.com\/wp-content\/uploads\/2025\/05\/hospital-boyaca-300x200.jpeg 300w, https:\/\/sagiengineering.com\/wp-content\/uploads\/2025\/05\/hospital-boyaca-1024x683.jpeg 1024w, https:\/\/sagiengineering.com\/wp-content\/uploads\/2025\/05\/hospital-boyaca-768x512.jpeg 768w, https:\/\/sagiengineering.com\/wp-content\/uploads\/2025\/05\/hospital-boyaca-1536x1024.jpeg 1536w\" sizes=\"(max-width: 1600px) 100vw, 1600px\" \/>\t\t\t\t\t\t\t\t\t\t\t\t\t\t\t<\/div>\n\t\t\t\t<\/div>\n\t\t\t\t<\/div>\n\t\t<div class=\"elementor-element elementor-element-44e09c1 e-con-full e-flex e-con e-child\" data-id=\"44e09c1\" data-element_type=\"container\">\n\t\t\t\t<div class=\"elementor-element elementor-element-1bf109b elementor-widget elementor-widget-text-editor\" data-id=\"1bf109b\" data-element_type=\"widget\" data-widget_type=\"text-editor.default\">\n\t\t\t\t<div class=\"elementor-widget-container\">\n\t\t\t\t\t\t\t\t\t<p>The comprehensive design of the <strong>HVAC system for the entire hospital infrastructure<\/strong> in Puerto Boyac\u00e1, including critical units such as ICUs, operating rooms, recovery rooms, emergency rooms, hospitalization areas, and laboratories.<\/p><p>The system is supported by a chilled water plant with a capacity of 200 tons of cooling, ensuring strict compliance with the standard. <strong>ASHRAE 170<\/strong> in all facilities, ensuring optimal ventilation, temperature, and contaminant control in healthcare spaces.<\/p>\t\t\t\t\t\t\t\t<\/div>\n\t\t\t\t<\/div>\n\t\t\t\t<\/div>\n\t\t\t\t\t<\/div>\n\t\t\t\t<\/div>\n\t\t<div class=\"elementor-element elementor-element-7d92013 e-flex e-con-boxed e-con e-parent\" data-id=\"7d92013\" data-element_type=\"container\">\n\t\t\t\t\t<div class=\"e-con-inner\">\n\t\t\t\t<div class=\"elementor-element elementor-element-b42cc99 elementor-widget elementor-widget-spacer\" data-id=\"b42cc99\" data-element_type=\"widget\" data-widget_type=\"spacer.default\">\n\t\t\t\t<div class=\"elementor-widget-container\">\n\t\t\t\t\t\t\t<div class=\"elementor-spacer\">\n\t\t\t<div class=\"elementor-spacer-inner\"><\/div>\n\t\t<\/div>\n\t\t\t\t\t\t<\/div>\n\t\t\t\t<\/div>\n\t\t\t\t<div class=\"elementor-element elementor-element-e8b1aff elementor-widget elementor-widget-spacer\" data-id=\"e8b1aff\" data-element_type=\"widget\" data-widget_type=\"spacer.default\">\n\t\t\t\t<div class=\"elementor-widget-container\">\n\t\t\t\t\t\t\t<div class=\"elementor-spacer\">\n\t\t\t<div class=\"elementor-spacer-inner\"><\/div>\n\t\t<\/div>\n\t\t\t\t\t\t<\/div>\n\t\t\t\t<\/div>\n\t\t\t\t\t<\/div>\n\t\t\t\t<\/div>\n\t\t\t\t<section class=\"elementor-section elementor-top-section elementor-element elementor-element-774675ac elementor-section-content-middle elementor-section-boxed elementor-section-height-default elementor-section-height-default\" data-id=\"774675ac\" data-element_type=\"section\" data-settings=\"{&quot;background_background&quot;:&quot;classic&quot;}\">\n\t\t\t\t\t\t\t<div class=\"elementor-background-overlay\"><\/div>\n\t\t\t\t\t\t\t<div class=\"elementor-container elementor-column-gap-default\">\n\t\t\t\t\t<div class=\"elementor-column elementor-col-50 elementor-top-column elementor-element elementor-element-9e615cd\" data-id=\"9e615cd\" data-element_type=\"column\">\n\t\t\t<div class=\"elementor-widget-wrap elementor-element-populated\">\n\t\t\t\t\t\t<div class=\"elementor-element elementor-element-1c87032f elementor-widget elementor-widget-heading\" data-id=\"1c87032f\" data-element_type=\"widget\" data-widget_type=\"heading.default\">\n\t\t\t\t<div class=\"elementor-widget-container\">\n\t\t\t\t\t<h1 class=\"elementor-heading-title elementor-size-default\">Contact us today<\/h1>\t\t\t\t<\/div>\n\t\t\t\t<\/div>\n\t\t\t\t<div class=\"elementor-element elementor-element-4f35f3c5 elementor-widget elementor-widget-button\" data-id=\"4f35f3c5\" data-element_type=\"widget\" data-widget_type=\"button.default\">\n\t\t\t\t<div class=\"elementor-widget-container\">\n\t\t\t\t\t\t\t\t\t<div class=\"elementor-button-wrapper\">\n\t\t\t\t\t<a class=\"elementor-button elementor-button-link elementor-size-md\" href=\"#\">\n\t\t\t\t\t\t<span class=\"elementor-button-content-wrapper\">\n\t\t\t\t\t\t\t\t\t<span class=\"elementor-button-text\">Contact us<\/span>\n\t\t\t\t\t<\/span>\n\t\t\t\t\t<\/a>\n\t\t\t\t<\/div>\n\t\t\t\t\t\t\t\t<\/div>\n\t\t\t\t<\/div>\n\t\t\t\t\t<\/div>\n\t\t<\/div>\n\t\t\t\t<div class=\"elementor-column elementor-col-50 elementor-top-column elementor-element elementor-element-7bebad40\" data-id=\"7bebad40\" data-element_type=\"column\">\n\t\t\t<div class=\"elementor-widget-wrap elementor-element-populated\">\n\t\t\t\t\t\t<div class=\"elementor-element elementor-element-156c8fef elementor-widget elementor-widget-heading\" data-id=\"156c8fef\" data-element_type=\"widget\" data-widget_type=\"heading.default\">\n\t\t\t\t<div class=\"elementor-widget-container\">\n\t\t\t\t\t<h6 class=\"elementor-heading-title elementor-size-default\">Play Intro<\/h6>\t\t\t\t<\/div>\n\t\t\t\t<\/div>\n\t\t\t\t\t<\/div>\n\t\t<\/div>\n\t\t\t\t\t<\/div>\n\t\t<\/section>\n\t\t\t\t<\/div>","protected":false},"excerpt":{"rendered":"<p>Proyectos Destacados Cada proyecto cuenta una historia de innovaci\u00f3n, precisi\u00f3n y compromiso con la excelencia en soluciones de ingenier\u00eda y energ\u00eda Hospital Puerto Boyac\u00e1 Se desarroll\u00f3 el dise\u00f1o integral del sistema HVAC para toda la infraestructura hospitalaria en Puerto Boyac\u00e1, incluyendo unidades cr\u00edticas como UCI, quir\u00f3fanos, salas de recuperaci\u00f3n, urgencias, \u00e1reas de hospitalizaci\u00f3n y laboratorios. [&hellip;]<\/p>","protected":false},"author":1,"featured_media":0,"parent":0,"menu_order":0,"comment_status":"closed","ping_status":"closed","template":"","meta":{"_monsterinsights_skip_tracking":false,"_monsterinsights_sitenote_active":false,"_monsterinsights_sitenote_note":"","_monsterinsights_sitenote_category":0,"_uf_show_specific_survey":0,"_uf_disable_surveys":false,"footnotes":""},"class_list":["post-4251","page","type-page","status-publish","hentry"],"aioseo_notices":[],"_links":{"self":[{"href":"https:\/\/sagiengineering.com\/en\/wp-json\/wp\/v2\/pages\/4251","targetHints":{"allow":["GET"]}}],"collection":[{"href":"https:\/\/sagiengineering.com\/en\/wp-json\/wp\/v2\/pages"}],"about":[{"href":"https:\/\/sagiengineering.com\/en\/wp-json\/wp\/v2\/types\/page"}],"author":[{"embeddable":true,"href":"https:\/\/sagiengineering.com\/en\/wp-json\/wp\/v2\/users\/1"}],"replies":[{"embeddable":true,"href":"https:\/\/sagiengineering.com\/en\/wp-json\/wp\/v2\/comments?post=4251"}],"version-history":[{"count":14,"href":"https:\/\/sagiengineering.com\/en\/wp-json\/wp\/v2\/pages\/4251\/revisions"}],"predecessor-version":[{"id":4688,"href":"https:\/\/sagiengineering.com\/en\/wp-json\/wp\/v2\/pages\/4251\/revisions\/4688"}],"wp:attachment":[{"href":"https:\/\/sagiengineering.com\/en\/wp-json\/wp\/v2\/media?parent=4251"}],"curies":[{"name":"wp","href":"https:\/\/api.w.org\/{rel}","templated":true}]}}