{"id":2424,"date":"2025-05-11T23:13:22","date_gmt":"2025-05-11T23:13:22","guid":{"rendered":"https:\/\/sagiengineering.com\/?page_id=2424"},"modified":"2025-05-29T15:55:44","modified_gmt":"2025-05-29T15:55:44","slug":"consultoria-energetica","status":"publish","type":"page","link":"https:\/\/sagiengineering.com\/es\/consultoria-energetica\/","title":{"rendered":"Consultor\u00eda Energ\u00e9tica"},"content":{"rendered":"\t\t<div data-elementor-type=\"wp-page\" data-elementor-id=\"2424\" class=\"elementor elementor-2424\" data-elementor-post-type=\"page\">\n\t\t\t\t\t\t<section class=\"elementor-section elementor-top-section elementor-element elementor-element-7cbe7ed9 elementor-section-boxed elementor-section-height-default elementor-section-height-default\" data-id=\"7cbe7ed9\" data-element_type=\"section\" data-settings=\"{&quot;background_background&quot;:&quot;classic&quot;}\">\n\t\t\t\t\t\t\t<div class=\"elementor-background-overlay\"><\/div>\n\t\t\t\t\t\t\t<div class=\"elementor-container elementor-column-gap-default\">\n\t\t\t\t\t<div class=\"elementor-column elementor-col-100 elementor-top-column elementor-element elementor-element-637c43f1\" data-id=\"637c43f1\" data-element_type=\"column\">\n\t\t\t<div class=\"elementor-widget-wrap elementor-element-populated\">\n\t\t\t\t\t\t<div class=\"elementor-element elementor-element-68570f1a elementor-widget elementor-widget-heading\" data-id=\"68570f1a\" data-element_type=\"widget\" data-widget_type=\"heading.default\">\n\t\t\t\t<div class=\"elementor-widget-container\">\n\t\t\t\t\t<h1 class=\"elementor-heading-title elementor-size-default\">Consultor\u00eda Energ\u00e9tica<\/h1>\t\t\t\t<\/div>\n\t\t\t\t<\/div>\n\t\t\t\t\t<\/div>\n\t\t<\/div>\n\t\t\t\t\t<\/div>\n\t\t<\/section>\n\t\t\t\t<section class=\"elementor-section elementor-top-section elementor-element elementor-element-5589832f elementor-section-boxed elementor-section-height-default elementor-section-height-default\" data-id=\"5589832f\" data-element_type=\"section\">\n\t\t\t\t\t\t<div class=\"elementor-container elementor-column-gap-default\">\n\t\t\t\t\t<div class=\"elementor-column elementor-col-100 elementor-top-column elementor-element elementor-element-53ae1833\" data-id=\"53ae1833\" data-element_type=\"column\" data-settings=\"{&quot;background_background&quot;:&quot;classic&quot;}\">\n\t\t\t<div class=\"elementor-widget-wrap elementor-element-populated\">\n\t\t\t\t\t\t\t<\/div>\n\t\t<\/div>\n\t\t\t\t\t<\/div>\n\t\t<\/section>\n\t\t\t\t<section class=\"elementor-section elementor-top-section elementor-element elementor-element-707e0b4b elementor-section-boxed elementor-section-height-default elementor-section-height-default\" data-id=\"707e0b4b\" data-element_type=\"section\">\n\t\t\t\t\t\t<div class=\"elementor-container elementor-column-gap-default\">\n\t\t\t\t\t<div class=\"elementor-column elementor-col-100 elementor-top-column elementor-element elementor-element-68de8176\" data-id=\"68de8176\" data-element_type=\"column\">\n\t\t\t<div class=\"elementor-widget-wrap elementor-element-populated\">\n\t\t\t\t\t\t<div class=\"elementor-element elementor-element-5589747c elementor-widget elementor-widget-heading\" data-id=\"5589747c\" data-element_type=\"widget\" data-widget_type=\"heading.default\">\n\t\t\t\t<div class=\"elementor-widget-container\">\n\t\t\t\t\t<h6 class=\"elementor-heading-title elementor-size-default\">\u00bfPor qu\u00e9 escogernos?<\/h6>\t\t\t\t<\/div>\n\t\t\t\t<\/div>\n\t\t\t\t<div class=\"elementor-element elementor-element-13da662b elementor-widget elementor-widget-heading\" data-id=\"13da662b\" data-element_type=\"widget\" data-widget_type=\"heading.default\">\n\t\t\t\t<div class=\"elementor-widget-container\">\n\t\t\t\t\t<h2 class=\"elementor-heading-title elementor-size-default\">Dise\u00f1o Inteligente, Energ\u00eda Responsable<\/h2>\t\t\t\t<\/div>\n\t\t\t\t<\/div>\n\t\t\t\t<div class=\"elementor-element elementor-element-4b915df2 elementor-widget elementor-widget-spacer\" data-id=\"4b915df2\" data-element_type=\"widget\" data-widget_type=\"spacer.default\">\n\t\t\t\t<div class=\"elementor-widget-container\">\n\t\t\t\t\t\t\t<div class=\"elementor-spacer\">\n\t\t\t<div class=\"elementor-spacer-inner\"><\/div>\n\t\t<\/div>\n\t\t\t\t\t\t<\/div>\n\t\t\t\t<\/div>\n\t\t\t\t<section class=\"elementor-section elementor-inner-section elementor-element elementor-element-7ce5f65c elementor-section-boxed elementor-section-height-default elementor-section-height-default\" data-id=\"7ce5f65c\" data-element_type=\"section\">\n\t\t\t\t\t\t<div class=\"elementor-container elementor-column-gap-default\">\n\t\t\t\t\t<div class=\"elementor-column elementor-col-50 elementor-inner-column elementor-element elementor-element-654bf4eb\" data-id=\"654bf4eb\" data-element_type=\"column\">\n\t\t\t<div class=\"elementor-widget-wrap elementor-element-populated\">\n\t\t\t\t\t\t<div class=\"elementor-element elementor-element-97e701e ekit-equal-height-enable elementor-widget elementor-widget-elementskit-icon-box\" data-id=\"97e701e\" data-element_type=\"widget\" data-widget_type=\"elementskit-icon-box.default\">\n\t\t\t\t<div class=\"elementor-widget-container\">\n\t\t\t\t\t<div class=\"ekit-wid-con\" >        <!-- link opening -->\n                <!-- end link opening -->\n\n        <div class=\"elementskit-infobox text-left text-left icon-lef-right-aligin elementor-animation- media  \">\n                    <div class=\"elementskit-box-header elementor-animation-\">\n                <div class=\"elementskit-info-box-icon  text-center\">\n                    <i aria-hidden=\"true\" class=\"elementkit-infobox-icon icon icon-page_search\"><\/i>\n                <\/div>\n          <\/div>\n                        <div class=\"box-body\">\n                            <h3 class=\"elementskit-info-box-title\">\n                    Auditor\u00eda Energ\u00e9tica                <\/h3>\n                        \t\t  \t<p><P><div style=\"text-align: justify\">En SAGI realizamos auditor\u00edas energ\u00e9ticas integrales para identificar oportunidades de ahorro en edificaciones comerciales, institucionales e industriales. Evaluamos el desempe\u00f1o energ\u00e9tico de los sistemas existentes y proponemos mejoras estrat\u00e9gicas como la implementaci\u00f3n de sistemas de automatizaci\u00f3n inteligente (BMS) y soluciones de cogeneraci\u00f3n (CHP) que permiten aprovechar el calor residual para climatizaci\u00f3n o agua caliente. Nuestro objetivo es transformar el consumo energ\u00e9tico de los edificios, reduciendo costos operativos y mejorando su\u00a0sostenibilidad.<\/div><\/p>\n                                        <div class=\"box-footer enable_hover_btn\">\n                    <div class=\"btn-wraper\">\n                                                            <a class=\"elementskit-btn whitespace--normal\" href=\"https:\/\/sagiengineering.com\/contacto\/\">\n                                                                                Cont\u00e1ctenos                                    <\/a>\n                                                        <\/div>\n                <\/div>\n                    <\/div>\n        \n        \n                <\/div>\n        <\/div>\t\t\t\t<\/div>\n\t\t\t\t<\/div>\n\t\t\t\t\t<\/div>\n\t\t<\/div>\n\t\t\t\t<div class=\"elementor-column elementor-col-50 elementor-inner-column elementor-element elementor-element-23f625e2\" data-id=\"23f625e2\" data-element_type=\"column\">\n\t\t\t<div class=\"elementor-widget-wrap elementor-element-populated\">\n\t\t\t\t\t\t<div class=\"elementor-element elementor-element-130760fd ekit-equal-height-disable elementor-widget elementor-widget-elementskit-icon-box\" data-id=\"130760fd\" data-element_type=\"widget\" data-widget_type=\"elementskit-icon-box.default\">\n\t\t\t\t<div class=\"elementor-widget-container\">\n\t\t\t\t\t<div class=\"ekit-wid-con\" >        <!-- link opening -->\n                <!-- end link opening -->\n\n        <div class=\"elementskit-infobox text-left text-left icon-lef-right-aligin elementor-animation- media  \">\n                    <div class=\"elementskit-box-header elementor-animation-\">\n                <div class=\"elementskit-info-box-icon  text-center\">\n                    <i aria-hidden=\"true\" class=\"elementkit-infobox-icon icon icon-chart2\"><\/i>\n                <\/div>\n          <\/div>\n                        <div class=\"box-body\">\n                            <h3 class=\"elementskit-info-box-title\">\n                    An\u00e1lisis de decision de inversi\u00f3n                <\/h3>\n                        \t\t  \t<p><P><div style=\"text-align: justify\">En SAGI tambi\u00e9n ofrecemos an\u00e1lisis de decisi\u00f3n de inversi\u00f3n comparando distintas tecnolog\u00edas que permiten optimizar el consumo energ\u00e9tico y reducir el impacto ambiental, seleccionando aquellas que mejor se adaptan a la realidad t\u00e9cnica y financiera de cada proyecto. Utilizamos indicadores clave como la Tasa Interna de Retorno (TIR), Valor Presente Neto (VPN), Costo Promedio Ponderado de Capital (WACC) y Per\u00edodo de Recuperaci\u00f3n de la Inversi\u00f3n (PRI), brindando a los inversionistas las herramientas necesarias para tomar decisiones informadas y rentables desde\u00a0el\u00a0inicio.<\/div><\/p>\n                                        <div class=\"box-footer enable_hover_btn\">\n                    <div class=\"btn-wraper\">\n                                                            <a class=\"elementskit-btn whitespace--normal\" href=\"https:\/\/sagiengineering.com\/contacto\/\">\n                                                                                Cont\u00e1ctenos                                    <\/a>\n                                                        <\/div>\n                <\/div>\n                    <\/div>\n        \n        \n                <\/div>\n        <\/div>\t\t\t\t<\/div>\n\t\t\t\t<\/div>\n\t\t\t\t\t<\/div>\n\t\t<\/div>\n\t\t\t\t\t<\/div>\n\t\t<\/section>\n\t\t\t\t<section class=\"elementor-section elementor-inner-section elementor-element elementor-element-5554ec29 elementor-section-boxed elementor-section-height-default elementor-section-height-default\" data-id=\"5554ec29\" data-element_type=\"section\">\n\t\t\t\t\t\t<div class=\"elementor-container elementor-column-gap-default\">\n\t\t\t\t\t<div class=\"elementor-column elementor-col-50 elementor-inner-column elementor-element elementor-element-1b4c2eb3\" data-id=\"1b4c2eb3\" data-element_type=\"column\">\n\t\t\t<div class=\"elementor-widget-wrap elementor-element-populated\">\n\t\t\t\t\t\t<div class=\"elementor-element elementor-element-17268bd ekit-equal-height-disable elementor-widget elementor-widget-elementskit-icon-box\" data-id=\"17268bd\" data-element_type=\"widget\" data-widget_type=\"elementskit-icon-box.default\">\n\t\t\t\t<div class=\"elementor-widget-container\">\n\t\t\t\t\t<div class=\"ekit-wid-con\" >        <!-- link opening -->\n                <!-- end link opening -->\n\n        <div class=\"elementskit-infobox text-left text-left icon-lef-right-aligin elementor-animation- media  \">\n                    <div class=\"elementskit-box-header elementor-animation-\">\n                <div class=\"elementskit-info-box-icon  text-center\">\n                    <i aria-hidden=\"true\" class=\"elementkit-infobox-icon icon icon-search\"><\/i>\n                <\/div>\n          <\/div>\n                        <div class=\"box-body\">\n                            <h3 class=\"elementskit-info-box-title\">\n                    Estudios de factibilidad energ\u00e9tica                <\/h3>\n                        \t\t  \t<p><P><div style=\"text-align: justify\">En SAGI desarrollamos estudios de factibilidad energ\u00e9tica que permiten comparar el desempe\u00f1o de las soluciones existentes con mejoras tecnol\u00f3gicas propuestas. Analizamos escenarios energ\u00e9ticos, t\u00e9cnicos y financieros para identificar alternativas m\u00e1s eficientes, sostenibles y adaptadas al contexto del proyecto. Nuestros estudios brindan una base s\u00f3lida para la toma de decisiones, permitiendo a nuestros clientes avanzar con soluciones que generan ahorros reales, reducen emisiones y mejoran el retorno de inversi\u00f3n\u00a0a\u00a0largo\u00a0plazo.<\/div><\/p>\n                                        <div class=\"box-footer enable_hover_btn\">\n                    <div class=\"btn-wraper\">\n                                                            <a class=\"elementskit-btn whitespace--normal\" href=\"https:\/\/sagiengineering.com\/contacto\/\">\n                                                                                Cont\u00e1ctenos                                    <\/a>\n                                                        <\/div>\n                <\/div>\n                    <\/div>\n        \n        \n                <\/div>\n        <\/div>\t\t\t\t<\/div>\n\t\t\t\t<\/div>\n\t\t\t\t\t<\/div>\n\t\t<\/div>\n\t\t\t\t<div class=\"elementor-column elementor-col-50 elementor-inner-column elementor-element elementor-element-f129196\" data-id=\"f129196\" data-element_type=\"column\">\n\t\t\t<div class=\"elementor-widget-wrap elementor-element-populated\">\n\t\t\t\t\t\t<div class=\"elementor-element elementor-element-6e744066 ekit-equal-height-disable elementor-widget elementor-widget-elementskit-icon-box\" data-id=\"6e744066\" data-element_type=\"widget\" data-widget_type=\"elementskit-icon-box.default\">\n\t\t\t\t<div class=\"elementor-widget-container\">\n\t\t\t\t\t<div class=\"ekit-wid-con\" >        <!-- link opening -->\n                <!-- end link opening -->\n\n        <div class=\"elementskit-infobox text-left text-left icon-lef-right-aligin elementor-animation- media  \">\n                    <div class=\"elementskit-box-header elementor-animation-\">\n                <div class=\"elementskit-info-box-icon  text-center\">\n                    <svg aria-hidden=\"true\" class=\"elementkit-infobox-icon e-font-icon-svg e-fas-certificate\" viewBox=\"0 0 512 512\" xmlns=\"http:\/\/www.w3.org\/2000\/svg\"><path d=\"M458.622 255.92l45.985-45.005c13.708-12.977 7.316-36.039-10.664-40.339l-62.65-15.99 17.661-62.015c4.991-17.838-11.829-34.663-29.661-29.671l-61.994 17.667-15.984-62.671C337.085.197 313.765-6.276 300.99 7.228L256 53.57 211.011 7.229c-12.63-13.351-36.047-7.234-40.325 10.668l-15.984 62.671-61.995-17.667C74.87 57.907 58.056 74.738 63.046 92.572l17.661 62.015-62.65 15.99C.069 174.878-6.31 197.944 7.392 210.915l45.985 45.005-45.985 45.004c-13.708 12.977-7.316 36.039 10.664 40.339l62.65 15.99-17.661 62.015c-4.991 17.838 11.829 34.663 29.661 29.671l61.994-17.667 15.984 62.671c4.439 18.575 27.696 24.018 40.325 10.668L256 458.61l44.989 46.001c12.5 13.488 35.987 7.486 40.325-10.668l15.984-62.671 61.994 17.667c17.836 4.994 34.651-11.837 29.661-29.671l-17.661-62.015 62.65-15.99c17.987-4.302 24.366-27.367 10.664-40.339l-45.984-45.004z\"><\/path><\/svg>\n                <\/div>\n          <\/div>\n                        <div class=\"box-body\">\n                            <h3 class=\"elementskit-info-box-title\">\n                    Certificaci\u00f3n LEED (USGBC)                <\/h3>\n                        \t\t  \t<p><P><div style=\"text-align: justify\">En SAGI acompa\u00f1amos a nuestros clientes en todo el proceso de certificaci\u00f3n LEED, desde la fase de dise\u00f1o hasta la obtenci\u00f3n del sello otorgado por el U.S. Green Building Council (USGBC). Evaluamos el desempe\u00f1o ambiental del edificio y desarrollamos estrategias que maximizan los puntos en categor\u00edas clave como eficiencia energ\u00e9tica, calidad del aire interior, uso racional del agua y materiales sostenibles. Nuestro equipo se encarga de preparar y presentar toda la documentaci\u00f3n t\u00e9cnica requerida, asegurando que cada proyecto cumpla con los requisitos para obtener una certificaci\u00f3n que respalde su compromiso con la sostenibilidad y el alto desempe\u00f1o\u00a0ambiental.<\/div><\/p>\n                                        <div class=\"box-footer enable_hover_btn\">\n                    <div class=\"btn-wraper\">\n                                                            <a class=\"elementskit-btn whitespace--normal\" href=\"https:\/\/sagiengineering.com\/contacto\/\">\n                                                                                Cont\u00e1ctenos                                    <\/a>\n                                                        <\/div>\n                <\/div>\n                    <\/div>\n        \n        \n                <\/div>\n        <\/div>\t\t\t\t<\/div>\n\t\t\t\t<\/div>\n\t\t\t\t\t<\/div>\n\t\t<\/div>\n\t\t\t\t\t<\/div>\n\t\t<\/section>\n\t\t\t\t<section class=\"elementor-section elementor-inner-section elementor-element elementor-element-1d79af32 elementor-section-boxed elementor-section-height-default elementor-section-height-default\" data-id=\"1d79af32\" data-element_type=\"section\">\n\t\t\t\t\t\t<div class=\"elementor-container elementor-column-gap-default\">\n\t\t\t\t\t<div class=\"elementor-column elementor-col-100 elementor-inner-column elementor-element elementor-element-68c9b404\" data-id=\"68c9b404\" data-element_type=\"column\">\n\t\t\t<div class=\"elementor-widget-wrap elementor-element-populated\">\n\t\t\t\t\t\t<div class=\"elementor-element elementor-element-bfe1713 ekit-equal-height-disable elementor-widget elementor-widget-elementskit-icon-box\" data-id=\"bfe1713\" data-element_type=\"widget\" data-widget_type=\"elementskit-icon-box.default\">\n\t\t\t\t<div class=\"elementor-widget-container\">\n\t\t\t\t\t<div class=\"ekit-wid-con\" >        <!-- link opening -->\n                <!-- end link opening -->\n\n        <div class=\"elementskit-infobox text-left text-left icon-lef-right-aligin elementor-animation- media  \">\n                    <div class=\"elementskit-box-header elementor-animation-\">\n                <div class=\"elementskit-info-box-icon  text-center\">\n                    <i aria-hidden=\"true\" class=\"elementkit-infobox-icon icon icon-leaf\"><\/i>\n                <\/div>\n          <\/div>\n                        <div class=\"box-body\">\n                            <h3 class=\"elementskit-info-box-title\">\n                    Energ\u00edas renovables                <\/h3>\n                        \t\t  \t<p><P><div style=\"text-align: justify\">En SAGI dimensionamos sistemas de energ\u00eda solar fotovoltaica adaptados a las condiciones espec\u00edficas de cada proyecto, teniendo en cuenta la ubicaci\u00f3n geogr\u00e1fica, el consumo energ\u00e9tico y la normativa local. Evaluamos el potencial de generaci\u00f3n solar, estimamos los ahorros anuales, calculamos el retorno de inversi\u00f3n (ROI) y cuantificamos la reducci\u00f3n en la huella de carbono que genera su implementaci\u00f3n. De esta manera, brindamos a nuestros clientes una visi\u00f3n clara y precisa de los beneficios econ\u00f3micos y ambientales de incorporar energ\u00edas renovables en sus\u00a0edificaciones. <\/div><\/p>\n                                        <div class=\"box-footer enable_hover_btn\">\n                    <div class=\"btn-wraper\">\n                                                            <a class=\"elementskit-btn whitespace--normal\" href=\"https:\/\/sagiengineering.com\/contacto\/\">\n                                                                                Cont\u00e1ctenos                                    <\/a>\n                                                        <\/div>\n                <\/div>\n                    <\/div>\n        \n        \n                <\/div>\n        <\/div>\t\t\t\t<\/div>\n\t\t\t\t<\/div>\n\t\t\t\t\t<\/div>\n\t\t<\/div>\n\t\t\t\t\t<\/div>\n\t\t<\/section>\n\t\t\t\t\t<\/div>\n\t\t<\/div>\n\t\t\t\t\t<\/div>\n\t\t<\/section>\n\t\t\t\t<section class=\"elementor-section elementor-top-section elementor-element elementor-element-15228e3d elementor-section-boxed elementor-section-height-default elementor-section-height-default\" data-id=\"15228e3d\" data-element_type=\"section\" data-settings=\"{&quot;background_background&quot;:&quot;classic&quot;}\">\n\t\t\t\t\t\t\t<div class=\"elementor-background-overlay\"><\/div>\n\t\t\t\t\t\t\t<div class=\"elementor-container elementor-column-gap-default\">\n\t\t\t\t\t<div class=\"elementor-column elementor-col-100 elementor-top-column elementor-element elementor-element-68df3c1c\" data-id=\"68df3c1c\" data-element_type=\"column\">\n\t\t\t<div class=\"elementor-widget-wrap elementor-element-populated\">\n\t\t\t\t\t\t<div class=\"elementor-element elementor-element-46383d27 elementor-pagination-position-inside elementor-arrows-position-inside elementor-widget elementor-widget-image-carousel\" data-id=\"46383d27\" data-element_type=\"widget\" data-settings=\"{&quot;slides_to_show&quot;:&quot;3&quot;,&quot;slides_to_scroll&quot;:&quot;1&quot;,&quot;navigation&quot;:&quot;both&quot;,&quot;autoplay&quot;:&quot;yes&quot;,&quot;pause_on_hover&quot;:&quot;yes&quot;,&quot;pause_on_interaction&quot;:&quot;yes&quot;,&quot;autoplay_speed&quot;:5000,&quot;infinite&quot;:&quot;yes&quot;,&quot;speed&quot;:500,&quot;image_spacing_custom&quot;:{&quot;unit&quot;:&quot;px&quot;,&quot;size&quot;:20,&quot;sizes&quot;:[]},&quot;image_spacing_custom_tablet&quot;:{&quot;unit&quot;:&quot;px&quot;,&quot;size&quot;:&quot;&quot;,&quot;sizes&quot;:[]},&quot;image_spacing_custom_mobile&quot;:{&quot;unit&quot;:&quot;px&quot;,&quot;size&quot;:&quot;&quot;,&quot;sizes&quot;:[]}}\" data-widget_type=\"image-carousel.default\">\n\t\t\t\t<div class=\"elementor-widget-container\">\n\t\t\t\t\t\t\t<div class=\"elementor-image-carousel-wrapper swiper\" role=\"region\" aria-roledescription=\"carousel\" aria-label=\"Image Carousel\" dir=\"ltr\">\n\t\t\t<div class=\"elementor-image-carousel swiper-wrapper\" aria-live=\"off\">\n\t\t\t\t\t\t\t\t<div class=\"swiper-slide\" role=\"group\" aria-roledescription=\"slide\" aria-label=\"1 of 5\"><figure class=\"swiper-slide-inner\"><img decoding=\"async\" class=\"swiper-slide-image\" src=\"https:\/\/sagiengineering.com\/wp-content\/uploads\/elementor\/thumbs\/electrician-r5n4d7fjxmzatqekko6wcp1yul48c4devrhdbd5qb4.jpg\" alt=\"electrician\" \/><\/figure><\/div><div class=\"swiper-slide\" role=\"group\" aria-roledescription=\"slide\" aria-label=\"2 of 5\"><figure class=\"swiper-slide-inner\"><img decoding=\"async\" class=\"swiper-slide-image\" src=\"https:\/\/sagiengineering.com\/wp-content\/uploads\/elementor\/thumbs\/big-data--r5o8nkehasex57obhlj9opake0h5b27aadov9mp1f4.jpg\" alt=\"big-data-.jpg\" \/><\/figure><\/div><div class=\"swiper-slide\" role=\"group\" aria-roledescription=\"slide\" aria-label=\"3 of 5\"><figure class=\"swiper-slide-inner\"><img decoding=\"async\" class=\"swiper-slide-image\" src=\"https:\/\/sagiengineering.com\/wp-content\/uploads\/elementor\/thumbs\/CCM-HOCOL-17-scaled-r5ojwj79r6s757fsrnauxidtw8g3kjw3ys1sna8wog.jpg\" alt=\"CCM HOCOL 17\" \/><\/figure><\/div><div class=\"swiper-slide\" role=\"group\" aria-roledescription=\"slide\" aria-label=\"4 of 5\"><figure class=\"swiper-slide-inner\"><img decoding=\"async\" class=\"swiper-slide-image\" src=\"https:\/\/sagiengineering.com\/wp-content\/uploads\/elementor\/thumbs\/pexels-thisisengineering-3862379-2-r5pm0o1qcp4r8yc4grcyr99fp9dbyb65y7qksjrpm8.jpg\" alt=\"pexels-thisisengineering-3862379\" \/><\/figure><\/div><div class=\"swiper-slide\" role=\"group\" aria-roledescription=\"slide\" aria-label=\"5 of 5\"><figure class=\"swiper-slide-inner\"><img decoding=\"async\" class=\"swiper-slide-image\" src=\"https:\/\/sagiengineering.com\/wp-content\/uploads\/elementor\/thumbs\/pexels-pixabay-268362-1-scaled-r5pm0fl6n6t6cgoeu5pbmteacsj1118kx1v7h24968.jpg\" alt=\"pexels-pixabay-268362\" \/><\/figure><\/div>\t\t\t<\/div>\n\t\t\t\t\t\t\t\t\t\t\t\t<div class=\"elementor-swiper-button elementor-swiper-button-prev\" role=\"button\" tabindex=\"0\">\n\t\t\t\t\t\t<svg aria-hidden=\"true\" class=\"e-font-icon-svg e-eicon-chevron-left\" viewBox=\"0 0 1000 1000\" xmlns=\"http:\/\/www.w3.org\/2000\/svg\"><path d=\"M646 125C629 125 613 133 604 142L308 442C296 454 292 471 292 487 292 504 296 521 308 533L604 854C617 867 629 875 646 875 663 875 679 871 692 858 704 846 713 829 713 812 713 796 708 779 692 767L438 487 692 225C700 217 708 204 708 187 708 171 704 154 692 142 675 129 663 125 646 125Z\"><\/path><\/svg>\t\t\t\t\t<\/div>\n\t\t\t\t\t<div class=\"elementor-swiper-button elementor-swiper-button-next\" role=\"button\" tabindex=\"0\">\n\t\t\t\t\t\t<svg aria-hidden=\"true\" class=\"e-font-icon-svg e-eicon-chevron-right\" viewBox=\"0 0 1000 1000\" xmlns=\"http:\/\/www.w3.org\/2000\/svg\"><path d=\"M696 533C708 521 713 504 713 487 713 471 708 454 696 446L400 146C388 133 375 125 354 125 338 125 325 129 313 142 300 154 292 171 292 187 292 204 296 221 308 233L563 492 304 771C292 783 288 800 288 817 288 833 296 850 308 863 321 871 338 875 354 875 371 875 388 867 400 854L696 533Z\"><\/path><\/svg>\t\t\t\t\t<\/div>\n\t\t\t\t\n\t\t\t\t\t\t\t\t\t<div class=\"swiper-pagination\"><\/div>\n\t\t\t\t\t\t\t\t\t<\/div>\n\t\t\t\t\t\t<\/div>\n\t\t\t\t<\/div>\n\t\t\t\t\t<\/div>\n\t\t<\/div>\n\t\t\t\t\t<\/div>\n\t\t<\/section>\n\t\t\t\t<\/div>\n\t\t","protected":false},"excerpt":{"rendered":"<p>Consultor\u00eda Energ\u00e9tica \u00bfPor qu\u00e9 escogernos? Dise\u00f1o Inteligente, Energ\u00eda Responsable Auditor\u00eda Energ\u00e9tica En SAGI realizamos auditor\u00edas energ\u00e9ticas integrales para identificar oportunidades de ahorro en edificaciones comerciales, institucionales e industriales. Evaluamos el desempe\u00f1o energ\u00e9tico de los sistemas existentes y proponemos mejoras estrat\u00e9gicas como la implementaci\u00f3n de sistemas de automatizaci\u00f3n inteligente (BMS) y soluciones de cogeneraci\u00f3n (CHP) que [&hellip;]<\/p>\n","protected":false},"author":1,"featured_media":0,"parent":0,"menu_order":0,"comment_status":"closed","ping_status":"closed","template":"","meta":{"_monsterinsights_skip_tracking":false,"_monsterinsights_sitenote_active":false,"_monsterinsights_sitenote_note":"","_monsterinsights_sitenote_category":0,"_uf_show_specific_survey":0,"_uf_disable_surveys":false,"footnotes":""},"class_list":["post-2424","page","type-page","status-publish","hentry"],"aioseo_notices":[],"_links":{"self":[{"href":"https:\/\/sagiengineering.com\/es\/wp-json\/wp\/v2\/pages\/2424","targetHints":{"allow":["GET"]}}],"collection":[{"href":"https:\/\/sagiengineering.com\/es\/wp-json\/wp\/v2\/pages"}],"about":[{"href":"https:\/\/sagiengineering.com\/es\/wp-json\/wp\/v2\/types\/page"}],"author":[{"embeddable":true,"href":"https:\/\/sagiengineering.com\/es\/wp-json\/wp\/v2\/users\/1"}],"replies":[{"embeddable":true,"href":"https:\/\/sagiengineering.com\/es\/wp-json\/wp\/v2\/comments?post=2424"}],"version-history":[{"count":44,"href":"https:\/\/sagiengineering.com\/es\/wp-json\/wp\/v2\/pages\/2424\/revisions"}],"predecessor-version":[{"id":4420,"href":"https:\/\/sagiengineering.com\/es\/wp-json\/wp\/v2\/pages\/2424\/revisions\/4420"}],"wp:attachment":[{"href":"https:\/\/sagiengineering.com\/es\/wp-json\/wp\/v2\/media?parent=2424"}],"curies":[{"name":"wp","href":"https:\/\/api.w.org\/{rel}","templated":true}]}}