{"id":3643,"date":"2025-05-21T21:10:20","date_gmt":"2025-05-21T21:10:20","guid":{"rendered":"https:\/\/sagiengineering.com\/?page_id=3643"},"modified":"2025-06-13T19:37:08","modified_gmt":"2025-06-13T19:37:08","slug":"proyectos-1","status":"publish","type":"page","link":"https:\/\/sagiengineering.com\/es\/proyectos-1\/","title":{"rendered":"Proyectos &#8211; 1"},"content":{"rendered":"\t\t<div data-elementor-type=\"wp-page\" data-elementor-id=\"3643\" class=\"elementor elementor-3643\" data-elementor-post-type=\"page\">\n\t\t\t\t<div class=\"elementor-element elementor-element-a0179f3 e-flex e-con-boxed e-con e-parent\" data-id=\"a0179f3\" data-element_type=\"container\" data-settings=\"{&quot;background_background&quot;:&quot;classic&quot;}\">\n\t\t\t\t\t<div class=\"e-con-inner\">\n\t\t<div class=\"elementor-element elementor-element-5b4fec1 e-con-full e-flex e-con e-child\" data-id=\"5b4fec1\" data-element_type=\"container\">\n\t\t\t\t<div class=\"elementor-element elementor-element-54aab66 elementor-widget elementor-widget-heading\" data-id=\"54aab66\" data-element_type=\"widget\" data-widget_type=\"heading.default\">\n\t\t\t\t<div class=\"elementor-widget-container\">\n\t\t\t\t\t<h1 class=\"elementor-heading-title elementor-size-default\">Proyectos Destacados<\/h1>\t\t\t\t<\/div>\n\t\t\t\t<\/div>\n\t\t\t\t<div class=\"elementor-element elementor-element-e56ef5a elementor-widget elementor-widget-heading\" data-id=\"e56ef5a\" data-element_type=\"widget\" data-widget_type=\"heading.default\">\n\t\t\t\t<div class=\"elementor-widget-container\">\n\t\t\t\t\t<h5 class=\"elementor-heading-title elementor-size-default\">Cada proyecto cuenta una historia de innovaci\u00f3n, precisi\u00f3n y compromiso con la excelencia en soluciones de ingenier\u00eda y energ\u00eda<\/h5>\t\t\t\t<\/div>\n\t\t\t\t<\/div>\n\t\t\t\t<\/div>\n\t\t\t\t\t<\/div>\n\t\t\t\t<\/div>\n\t\t<div class=\"elementor-element elementor-element-a7f1f75 e-flex e-con-boxed e-con e-parent\" data-id=\"a7f1f75\" data-element_type=\"container\">\n\t\t\t\t\t<div class=\"e-con-inner\">\n\t\t\t\t<div class=\"elementor-element elementor-element-cdb8fee elementor-widget elementor-widget-spacer\" data-id=\"cdb8fee\" data-element_type=\"widget\" data-widget_type=\"spacer.default\">\n\t\t\t\t<div class=\"elementor-widget-container\">\n\t\t\t\t\t\t\t<div class=\"elementor-spacer\">\n\t\t\t<div class=\"elementor-spacer-inner\"><\/div>\n\t\t<\/div>\n\t\t\t\t\t\t<\/div>\n\t\t\t\t<\/div>\n\t\t\t\t<div class=\"elementor-element elementor-element-61ab1d7 elementor-widget elementor-widget-heading\" data-id=\"61ab1d7\" data-element_type=\"widget\" data-widget_type=\"heading.default\">\n\t\t\t\t<div class=\"elementor-widget-container\">\n\t\t\t\t\t<h1 class=\"elementor-heading-title elementor-size-default\">Planta Empacadora de Productos (Nestl\u00e9)<\/h1>\t\t\t\t<\/div>\n\t\t\t\t<\/div>\n\t\t\t\t<div class=\"elementor-element elementor-element-a0dbc01 elementor-widget-divider--view-line elementor-widget elementor-widget-divider\" data-id=\"a0dbc01\" data-element_type=\"widget\" data-widget_type=\"divider.default\">\n\t\t\t\t<div class=\"elementor-widget-container\">\n\t\t\t\t\t\t\t<div class=\"elementor-divider\">\n\t\t\t<span class=\"elementor-divider-separator\">\n\t\t\t\t\t\t<\/span>\n\t\t<\/div>\n\t\t\t\t\t\t<\/div>\n\t\t\t\t<\/div>\n\t\t\t\t<div class=\"elementor-element elementor-element-37487a1 elementor-widget elementor-widget-spacer\" data-id=\"37487a1\" data-element_type=\"widget\" data-widget_type=\"spacer.default\">\n\t\t\t\t<div class=\"elementor-widget-container\">\n\t\t\t\t\t\t\t<div class=\"elementor-spacer\">\n\t\t\t<div class=\"elementor-spacer-inner\"><\/div>\n\t\t<\/div>\n\t\t\t\t\t\t<\/div>\n\t\t\t\t<\/div>\n\t\t\t\t\t<\/div>\n\t\t\t\t<\/div>\n\t\t<div class=\"elementor-element elementor-element-d597884 e-flex e-con-boxed e-con e-parent\" data-id=\"d597884\" data-element_type=\"container\">\n\t\t\t\t\t<div class=\"e-con-inner\">\n\t\t<div class=\"elementor-element elementor-element-ce78e2c e-con-full e-flex e-con e-child\" data-id=\"ce78e2c\" data-element_type=\"container\">\n\t\t\t\t<div class=\"elementor-element elementor-element-8600014 elementor-widget elementor-widget-image\" data-id=\"8600014\" data-element_type=\"widget\" data-widget_type=\"image.default\">\n\t\t\t\t<div class=\"elementor-widget-container\">\n\t\t\t\t\t\t\t\t\t\t\t\t\t\t\t<img fetchpriority=\"high\" decoding=\"async\" width=\"2560\" height=\"1196\" src=\"https:\/\/sagiengineering.com\/wp-content\/uploads\/2025\/05\/Planta-Nestle-8-scaled.jpg\" class=\"attachment-full size-full wp-image-2650\" alt=\"\" srcset=\"https:\/\/sagiengineering.com\/wp-content\/uploads\/2025\/05\/Planta-Nestle-8-scaled.jpg 2560w, https:\/\/sagiengineering.com\/wp-content\/uploads\/2025\/05\/Planta-Nestle-8-300x140.jpg 300w, https:\/\/sagiengineering.com\/wp-content\/uploads\/2025\/05\/Planta-Nestle-8-1024x478.jpg 1024w, https:\/\/sagiengineering.com\/wp-content\/uploads\/2025\/05\/Planta-Nestle-8-768x359.jpg 768w, https:\/\/sagiengineering.com\/wp-content\/uploads\/2025\/05\/Planta-Nestle-8-1536x717.jpg 1536w, https:\/\/sagiengineering.com\/wp-content\/uploads\/2025\/05\/Planta-Nestle-8-2048x956.jpg 2048w\" sizes=\"(max-width: 2560px) 100vw, 2560px\" \/>\t\t\t\t\t\t\t\t\t\t\t\t\t\t\t<\/div>\n\t\t\t\t<\/div>\n\t\t\t\t<\/div>\n\t\t<div class=\"elementor-element elementor-element-44e09c1 e-con-full e-flex e-con e-child\" data-id=\"44e09c1\" data-element_type=\"container\">\n\t\t\t\t<div class=\"elementor-element elementor-element-1bf109b elementor-widget elementor-widget-text-editor\" data-id=\"1bf109b\" data-element_type=\"widget\" data-widget_type=\"text-editor.default\">\n\t\t\t\t<div class=\"elementor-widget-container\">\n\t\t\t\t\t\t\t\t\t<p>Se realiz\u00f3 diseno HVAC para una l\u00ednea de empacado que consta de una planta de agua fria de <strong>130 toneladas<\/strong> de refrigeraci\u00f3n con bombas, tanque de expansion, separador de aire e impurezas; tambien, se realiz\u00f3 el dimensionamiento de las unidades manejadoras de aire para <strong>control de <\/strong><strong>temperatura y de humedad relativa.<\/strong><\/p>\t\t\t\t\t\t\t\t<\/div>\n\t\t\t\t<\/div>\n\t\t\t\t<\/div>\n\t\t\t\t\t<\/div>\n\t\t\t\t<\/div>\n\t\t<div class=\"elementor-element elementor-element-7d92013 e-flex e-con-boxed e-con e-parent\" data-id=\"7d92013\" data-element_type=\"container\">\n\t\t\t\t\t<div class=\"e-con-inner\">\n\t\t\t\t<div class=\"elementor-element elementor-element-b42cc99 elementor-widget elementor-widget-spacer\" data-id=\"b42cc99\" data-element_type=\"widget\" data-widget_type=\"spacer.default\">\n\t\t\t\t<div class=\"elementor-widget-container\">\n\t\t\t\t\t\t\t<div class=\"elementor-spacer\">\n\t\t\t<div class=\"elementor-spacer-inner\"><\/div>\n\t\t<\/div>\n\t\t\t\t\t\t<\/div>\n\t\t\t\t<\/div>\n\t\t\t\t<div class=\"elementor-element elementor-element-311512c gallery-spacing-custom elementor-widget elementor-widget-image-gallery\" data-id=\"311512c\" data-element_type=\"widget\" data-widget_type=\"image-gallery.default\">\n\t\t\t\t<div class=\"elementor-widget-container\">\n\t\t\t\t\t\t\t<div class=\"elementor-image-gallery\">\n\t\t\t<div id='gallery-1' class='gallery galleryid-3643 gallery-columns-4 gallery-size-medium_large'><figure class='gallery-item'>\n\t\t\t<div class='gallery-icon portrait'>\n\t\t\t\t<a data-elementor-open-lightbox=\"yes\" data-elementor-lightbox-slideshow=\"311512c\" data-elementor-lightbox-title=\"Planta Nestl\u00e9 4\" data-e-action-hash=\"#elementor-action%3Aaction%3Dlightbox%26settings%3DeyJpZCI6MjY1NywidXJsIjoiaHR0cHM6XC9cL3NhZ2llbmdpbmVlcmluZy5jb21cL3dwLWNvbnRlbnRcL3VwbG9hZHNcLzIwMjVcLzA1XC9QbGFudGEtTmVzdGxlLTQtc2NhbGVkLmpwZyIsInNsaWRlc2hvdyI6IjMxMTUxMmMifQ%3D%3D\" href='https:\/\/sagiengineering.com\/wp-content\/uploads\/2025\/05\/Planta-Nestle-4-scaled.jpg'><img decoding=\"async\" width=\"768\" height=\"1645\" src=\"https:\/\/sagiengineering.com\/wp-content\/uploads\/2025\/05\/Planta-Nestle-4-768x1645.jpg\" class=\"attachment-medium_large size-medium_large\" alt=\"\" srcset=\"https:\/\/sagiengineering.com\/wp-content\/uploads\/2025\/05\/Planta-Nestle-4-768x1645.jpg 768w, https:\/\/sagiengineering.com\/wp-content\/uploads\/2025\/05\/Planta-Nestle-4-140x300.jpg 140w, https:\/\/sagiengineering.com\/wp-content\/uploads\/2025\/05\/Planta-Nestle-4-478x1024.jpg 478w, https:\/\/sagiengineering.com\/wp-content\/uploads\/2025\/05\/Planta-Nestle-4-717x1536.jpg 717w, https:\/\/sagiengineering.com\/wp-content\/uploads\/2025\/05\/Planta-Nestle-4-956x2048.jpg 956w, https:\/\/sagiengineering.com\/wp-content\/uploads\/2025\/05\/Planta-Nestle-4-scaled.jpg 1196w\" sizes=\"(max-width: 768px) 100vw, 768px\" \/><\/a>\n\t\t\t<\/div><\/figure><figure class='gallery-item'>\n\t\t\t<div class='gallery-icon portrait'>\n\t\t\t\t<a data-elementor-open-lightbox=\"yes\" data-elementor-lightbox-slideshow=\"311512c\" data-elementor-lightbox-title=\"Planta Nestl\u00e9 1\" data-e-action-hash=\"#elementor-action%3Aaction%3Dlightbox%26settings%3DeyJpZCI6MjY1NiwidXJsIjoiaHR0cHM6XC9cL3NhZ2llbmdpbmVlcmluZy5jb21cL3dwLWNvbnRlbnRcL3VwbG9hZHNcLzIwMjVcLzA1XC9QbGFudGEtTmVzdGxlLTEtc2NhbGVkLmpwZyIsInNsaWRlc2hvdyI6IjMxMTUxMmMifQ%3D%3D\" href='https:\/\/sagiengineering.com\/wp-content\/uploads\/2025\/05\/Planta-Nestle-1-scaled.jpg'><img decoding=\"async\" width=\"768\" height=\"1645\" src=\"https:\/\/sagiengineering.com\/wp-content\/uploads\/2025\/05\/Planta-Nestle-1-768x1645.jpg\" class=\"attachment-medium_large size-medium_large\" alt=\"\" srcset=\"https:\/\/sagiengineering.com\/wp-content\/uploads\/2025\/05\/Planta-Nestle-1-768x1645.jpg 768w, https:\/\/sagiengineering.com\/wp-content\/uploads\/2025\/05\/Planta-Nestle-1-140x300.jpg 140w, https:\/\/sagiengineering.com\/wp-content\/uploads\/2025\/05\/Planta-Nestle-1-478x1024.jpg 478w, https:\/\/sagiengineering.com\/wp-content\/uploads\/2025\/05\/Planta-Nestle-1-717x1536.jpg 717w, https:\/\/sagiengineering.com\/wp-content\/uploads\/2025\/05\/Planta-Nestle-1-956x2048.jpg 956w, https:\/\/sagiengineering.com\/wp-content\/uploads\/2025\/05\/Planta-Nestle-1-scaled.jpg 1196w\" sizes=\"(max-width: 768px) 100vw, 768px\" \/><\/a>\n\t\t\t<\/div><\/figure><figure class='gallery-item'>\n\t\t\t<div class='gallery-icon portrait'>\n\t\t\t\t<a data-elementor-open-lightbox=\"yes\" data-elementor-lightbox-slideshow=\"311512c\" data-elementor-lightbox-title=\"Planta Nestl\u00e9 2\" data-e-action-hash=\"#elementor-action%3Aaction%3Dlightbox%26settings%3DeyJpZCI6MjY1NSwidXJsIjoiaHR0cHM6XC9cL3NhZ2llbmdpbmVlcmluZy5jb21cL3dwLWNvbnRlbnRcL3VwbG9hZHNcLzIwMjVcLzA1XC9QbGFudGEtTmVzdGxlLTItc2NhbGVkLmpwZyIsInNsaWRlc2hvdyI6IjMxMTUxMmMifQ%3D%3D\" href='https:\/\/sagiengineering.com\/wp-content\/uploads\/2025\/05\/Planta-Nestle-2-scaled.jpg'><img loading=\"lazy\" decoding=\"async\" width=\"768\" height=\"1645\" src=\"https:\/\/sagiengineering.com\/wp-content\/uploads\/2025\/05\/Planta-Nestle-2-768x1645.jpg\" class=\"attachment-medium_large size-medium_large\" alt=\"\" srcset=\"https:\/\/sagiengineering.com\/wp-content\/uploads\/2025\/05\/Planta-Nestle-2-768x1645.jpg 768w, https:\/\/sagiengineering.com\/wp-content\/uploads\/2025\/05\/Planta-Nestle-2-140x300.jpg 140w, https:\/\/sagiengineering.com\/wp-content\/uploads\/2025\/05\/Planta-Nestle-2-478x1024.jpg 478w, https:\/\/sagiengineering.com\/wp-content\/uploads\/2025\/05\/Planta-Nestle-2-717x1536.jpg 717w, https:\/\/sagiengineering.com\/wp-content\/uploads\/2025\/05\/Planta-Nestle-2-956x2048.jpg 956w, https:\/\/sagiengineering.com\/wp-content\/uploads\/2025\/05\/Planta-Nestle-2-scaled.jpg 1196w\" sizes=\"(max-width: 768px) 100vw, 768px\" \/><\/a>\n\t\t\t<\/div><\/figure><figure class='gallery-item'>\n\t\t\t<div class='gallery-icon portrait'>\n\t\t\t\t<a data-elementor-open-lightbox=\"yes\" data-elementor-lightbox-slideshow=\"311512c\" data-elementor-lightbox-title=\"Planta Nestl\u00e9 3\" data-e-action-hash=\"#elementor-action%3Aaction%3Dlightbox%26settings%3DeyJpZCI6MjY1NCwidXJsIjoiaHR0cHM6XC9cL3NhZ2llbmdpbmVlcmluZy5jb21cL3dwLWNvbnRlbnRcL3VwbG9hZHNcLzIwMjVcLzA1XC9QbGFudGEtTmVzdGxlLTMtc2NhbGVkLmpwZyIsInNsaWRlc2hvdyI6IjMxMTUxMmMifQ%3D%3D\" href='https:\/\/sagiengineering.com\/wp-content\/uploads\/2025\/05\/Planta-Nestle-3-scaled.jpg'><img loading=\"lazy\" decoding=\"async\" width=\"768\" height=\"1645\" src=\"https:\/\/sagiengineering.com\/wp-content\/uploads\/2025\/05\/Planta-Nestle-3-768x1645.jpg\" class=\"attachment-medium_large size-medium_large\" alt=\"\" srcset=\"https:\/\/sagiengineering.com\/wp-content\/uploads\/2025\/05\/Planta-Nestle-3-768x1645.jpg 768w, https:\/\/sagiengineering.com\/wp-content\/uploads\/2025\/05\/Planta-Nestle-3-140x300.jpg 140w, https:\/\/sagiengineering.com\/wp-content\/uploads\/2025\/05\/Planta-Nestle-3-478x1024.jpg 478w, https:\/\/sagiengineering.com\/wp-content\/uploads\/2025\/05\/Planta-Nestle-3-717x1536.jpg 717w, https:\/\/sagiengineering.com\/wp-content\/uploads\/2025\/05\/Planta-Nestle-3-956x2048.jpg 956w, https:\/\/sagiengineering.com\/wp-content\/uploads\/2025\/05\/Planta-Nestle-3-scaled.jpg 1196w\" sizes=\"(max-width: 768px) 100vw, 768px\" \/><\/a>\n\t\t\t<\/div><\/figure><figure class='gallery-item'>\n\t\t\t<div class='gallery-icon portrait'>\n\t\t\t\t<a data-elementor-open-lightbox=\"yes\" data-elementor-lightbox-slideshow=\"311512c\" data-elementor-lightbox-title=\"Planta Nestl\u00e9 5\" data-e-action-hash=\"#elementor-action%3Aaction%3Dlightbox%26settings%3DeyJpZCI6MjY1MywidXJsIjoiaHR0cHM6XC9cL3NhZ2llbmdpbmVlcmluZy5jb21cL3dwLWNvbnRlbnRcL3VwbG9hZHNcLzIwMjVcLzA1XC9QbGFudGEtTmVzdGxlLTUtc2NhbGVkLmpwZyIsInNsaWRlc2hvdyI6IjMxMTUxMmMifQ%3D%3D\" href='https:\/\/sagiengineering.com\/wp-content\/uploads\/2025\/05\/Planta-Nestle-5-scaled.jpg'><img loading=\"lazy\" decoding=\"async\" width=\"768\" height=\"1645\" src=\"https:\/\/sagiengineering.com\/wp-content\/uploads\/2025\/05\/Planta-Nestle-5-768x1645.jpg\" class=\"attachment-medium_large size-medium_large\" alt=\"\" srcset=\"https:\/\/sagiengineering.com\/wp-content\/uploads\/2025\/05\/Planta-Nestle-5-768x1645.jpg 768w, https:\/\/sagiengineering.com\/wp-content\/uploads\/2025\/05\/Planta-Nestle-5-140x300.jpg 140w, https:\/\/sagiengineering.com\/wp-content\/uploads\/2025\/05\/Planta-Nestle-5-478x1024.jpg 478w, https:\/\/sagiengineering.com\/wp-content\/uploads\/2025\/05\/Planta-Nestle-5-717x1536.jpg 717w, https:\/\/sagiengineering.com\/wp-content\/uploads\/2025\/05\/Planta-Nestle-5-956x2048.jpg 956w, https:\/\/sagiengineering.com\/wp-content\/uploads\/2025\/05\/Planta-Nestle-5-scaled.jpg 1196w\" sizes=\"(max-width: 768px) 100vw, 768px\" \/><\/a>\n\t\t\t<\/div><\/figure><figure class='gallery-item'>\n\t\t\t<div class='gallery-icon portrait'>\n\t\t\t\t<a data-elementor-open-lightbox=\"yes\" data-elementor-lightbox-slideshow=\"311512c\" data-elementor-lightbox-title=\"Planta Nestl\u00e9 7\" data-e-action-hash=\"#elementor-action%3Aaction%3Dlightbox%26settings%3DeyJpZCI6MjY1MSwidXJsIjoiaHR0cHM6XC9cL3NhZ2llbmdpbmVlcmluZy5jb21cL3dwLWNvbnRlbnRcL3VwbG9hZHNcLzIwMjVcLzA1XC9QbGFudGEtTmVzdGxlLTctc2NhbGVkLmpwZyIsInNsaWRlc2hvdyI6IjMxMTUxMmMifQ%3D%3D\" href='https:\/\/sagiengineering.com\/wp-content\/uploads\/2025\/05\/Planta-Nestle-7-scaled.jpg'><img loading=\"lazy\" decoding=\"async\" width=\"768\" height=\"1645\" src=\"https:\/\/sagiengineering.com\/wp-content\/uploads\/2025\/05\/Planta-Nestle-7-768x1645.jpg\" class=\"attachment-medium_large size-medium_large\" alt=\"\" srcset=\"https:\/\/sagiengineering.com\/wp-content\/uploads\/2025\/05\/Planta-Nestle-7-768x1645.jpg 768w, https:\/\/sagiengineering.com\/wp-content\/uploads\/2025\/05\/Planta-Nestle-7-140x300.jpg 140w, https:\/\/sagiengineering.com\/wp-content\/uploads\/2025\/05\/Planta-Nestle-7-478x1024.jpg 478w, https:\/\/sagiengineering.com\/wp-content\/uploads\/2025\/05\/Planta-Nestle-7-717x1536.jpg 717w, https:\/\/sagiengineering.com\/wp-content\/uploads\/2025\/05\/Planta-Nestle-7-956x2048.jpg 956w, https:\/\/sagiengineering.com\/wp-content\/uploads\/2025\/05\/Planta-Nestle-7-scaled.jpg 1196w\" sizes=\"(max-width: 768px) 100vw, 768px\" \/><\/a>\n\t\t\t<\/div><\/figure>\n\t\t<\/div>\n\t\t<\/div>\n\t\t\t\t\t\t<\/div>\n\t\t\t\t<\/div>\n\t\t\t\t<div class=\"elementor-element elementor-element-e8b1aff elementor-widget elementor-widget-spacer\" data-id=\"e8b1aff\" data-element_type=\"widget\" data-widget_type=\"spacer.default\">\n\t\t\t\t<div class=\"elementor-widget-container\">\n\t\t\t\t\t\t\t<div class=\"elementor-spacer\">\n\t\t\t<div class=\"elementor-spacer-inner\"><\/div>\n\t\t<\/div>\n\t\t\t\t\t\t<\/div>\n\t\t\t\t<\/div>\n\t\t\t\t\t<\/div>\n\t\t\t\t<\/div>\n\t\t\t\t<section class=\"elementor-section elementor-top-section elementor-element elementor-element-774675ac elementor-section-content-middle elementor-section-boxed elementor-section-height-default elementor-section-height-default\" data-id=\"774675ac\" data-element_type=\"section\" data-settings=\"{&quot;background_background&quot;:&quot;classic&quot;}\">\n\t\t\t\t\t\t\t<div class=\"elementor-background-overlay\"><\/div>\n\t\t\t\t\t\t\t<div class=\"elementor-container elementor-column-gap-default\">\n\t\t\t\t\t<div class=\"elementor-column elementor-col-50 elementor-top-column elementor-element elementor-element-9e615cd\" data-id=\"9e615cd\" data-element_type=\"column\">\n\t\t\t<div class=\"elementor-widget-wrap elementor-element-populated\">\n\t\t\t\t\t\t<div class=\"elementor-element elementor-element-1c87032f elementor-widget elementor-widget-heading\" data-id=\"1c87032f\" data-element_type=\"widget\" data-widget_type=\"heading.default\">\n\t\t\t\t<div class=\"elementor-widget-container\">\n\t\t\t\t\t<h1 class=\"elementor-heading-title elementor-size-default\">Contactenos hoy<\/h1>\t\t\t\t<\/div>\n\t\t\t\t<\/div>\n\t\t\t\t<div class=\"elementor-element elementor-element-4f35f3c5 elementor-widget elementor-widget-button\" data-id=\"4f35f3c5\" data-element_type=\"widget\" data-widget_type=\"button.default\">\n\t\t\t\t<div class=\"elementor-widget-container\">\n\t\t\t\t\t\t\t\t\t<div class=\"elementor-button-wrapper\">\n\t\t\t\t\t<a class=\"elementor-button elementor-button-link elementor-size-md\" href=\"#\">\n\t\t\t\t\t\t<span class=\"elementor-button-content-wrapper\">\n\t\t\t\t\t\t\t\t\t<span class=\"elementor-button-text\">Cont\u00e1ctanos<\/span>\n\t\t\t\t\t<\/span>\n\t\t\t\t\t<\/a>\n\t\t\t\t<\/div>\n\t\t\t\t\t\t\t\t<\/div>\n\t\t\t\t<\/div>\n\t\t\t\t\t<\/div>\n\t\t<\/div>\n\t\t\t\t<div class=\"elementor-column elementor-col-50 elementor-top-column elementor-element elementor-element-7bebad40\" data-id=\"7bebad40\" data-element_type=\"column\">\n\t\t\t<div class=\"elementor-widget-wrap elementor-element-populated\">\n\t\t\t\t\t\t<div class=\"elementor-element elementor-element-156c8fef elementor-widget elementor-widget-heading\" data-id=\"156c8fef\" data-element_type=\"widget\" data-widget_type=\"heading.default\">\n\t\t\t\t<div class=\"elementor-widget-container\">\n\t\t\t\t\t<h6 class=\"elementor-heading-title elementor-size-default\">Play Intro<\/h6>\t\t\t\t<\/div>\n\t\t\t\t<\/div>\n\t\t\t\t\t<\/div>\n\t\t<\/div>\n\t\t\t\t\t<\/div>\n\t\t<\/section>\n\t\t\t\t<\/div>\n\t\t","protected":false},"excerpt":{"rendered":"<p>Proyectos Destacados Cada proyecto cuenta una historia de innovaci\u00f3n, precisi\u00f3n y compromiso con la excelencia en soluciones de ingenier\u00eda y energ\u00eda Planta Empacadora de Productos (Nestl\u00e9) Se realiz\u00f3 diseno HVAC para una l\u00ednea de empacado que consta de una planta de agua fria de 130 toneladas de refrigeraci\u00f3n con bombas, tanque de expansion, separador de [&hellip;]<\/p>\n","protected":false},"author":1,"featured_media":0,"parent":0,"menu_order":0,"comment_status":"closed","ping_status":"closed","template":"","meta":{"_monsterinsights_skip_tracking":false,"_monsterinsights_sitenote_active":false,"_monsterinsights_sitenote_note":"","_monsterinsights_sitenote_category":0,"_uf_show_specific_survey":0,"_uf_disable_surveys":false,"footnotes":""},"class_list":["post-3643","page","type-page","status-publish","hentry"],"aioseo_notices":[],"_links":{"self":[{"href":"https:\/\/sagiengineering.com\/es\/wp-json\/wp\/v2\/pages\/3643","targetHints":{"allow":["GET"]}}],"collection":[{"href":"https:\/\/sagiengineering.com\/es\/wp-json\/wp\/v2\/pages"}],"about":[{"href":"https:\/\/sagiengineering.com\/es\/wp-json\/wp\/v2\/types\/page"}],"author":[{"embeddable":true,"href":"https:\/\/sagiengineering.com\/es\/wp-json\/wp\/v2\/users\/1"}],"replies":[{"embeddable":true,"href":"https:\/\/sagiengineering.com\/es\/wp-json\/wp\/v2\/comments?post=3643"}],"version-history":[{"count":69,"href":"https:\/\/sagiengineering.com\/es\/wp-json\/wp\/v2\/pages\/3643\/revisions"}],"predecessor-version":[{"id":4643,"href":"https:\/\/sagiengineering.com\/es\/wp-json\/wp\/v2\/pages\/3643\/revisions\/4643"}],"wp:attachment":[{"href":"https:\/\/sagiengineering.com\/es\/wp-json\/wp\/v2\/media?parent=3643"}],"curies":[{"name":"wp","href":"https:\/\/api.w.org\/{rel}","templated":true}]}}