{"id":4247,"date":"2025-05-28T20:07:17","date_gmt":"2025-05-28T20:07:17","guid":{"rendered":"https:\/\/sagiengineering.com\/?page_id=4247"},"modified":"2025-06-13T19:49:09","modified_gmt":"2025-06-13T19:49:09","slug":"proyectos-2","status":"publish","type":"page","link":"https:\/\/sagiengineering.com\/es\/proyectos-2\/","title":{"rendered":"Proyectos &#8211; 2"},"content":{"rendered":"\t\t<div data-elementor-type=\"wp-page\" data-elementor-id=\"4247\" class=\"elementor elementor-4247\" data-elementor-post-type=\"page\">\n\t\t\t\t<div class=\"elementor-element elementor-element-a0179f3 e-flex e-con-boxed e-con e-parent\" data-id=\"a0179f3\" data-element_type=\"container\" data-settings=\"{&quot;background_background&quot;:&quot;classic&quot;}\">\n\t\t\t\t\t<div class=\"e-con-inner\">\n\t\t<div class=\"elementor-element elementor-element-5b4fec1 e-con-full e-flex e-con e-child\" data-id=\"5b4fec1\" data-element_type=\"container\">\n\t\t\t\t<div class=\"elementor-element elementor-element-54aab66 elementor-widget elementor-widget-heading\" data-id=\"54aab66\" data-element_type=\"widget\" data-widget_type=\"heading.default\">\n\t\t\t\t<div class=\"elementor-widget-container\">\n\t\t\t\t\t<h1 class=\"elementor-heading-title elementor-size-default\">Proyectos Destacados<\/h1>\t\t\t\t<\/div>\n\t\t\t\t<\/div>\n\t\t\t\t<div class=\"elementor-element elementor-element-e56ef5a elementor-widget elementor-widget-heading\" data-id=\"e56ef5a\" data-element_type=\"widget\" data-widget_type=\"heading.default\">\n\t\t\t\t<div class=\"elementor-widget-container\">\n\t\t\t\t\t<h5 class=\"elementor-heading-title elementor-size-default\">Cada proyecto cuenta una historia de innovaci\u00f3n, precisi\u00f3n y compromiso con la excelencia en soluciones de ingenier\u00eda y energ\u00eda<\/h5>\t\t\t\t<\/div>\n\t\t\t\t<\/div>\n\t\t\t\t<\/div>\n\t\t\t\t\t<\/div>\n\t\t\t\t<\/div>\n\t\t<div class=\"elementor-element elementor-element-a7f1f75 e-flex e-con-boxed e-con e-parent\" data-id=\"a7f1f75\" data-element_type=\"container\">\n\t\t\t\t\t<div class=\"e-con-inner\">\n\t\t\t\t<div class=\"elementor-element elementor-element-cdb8fee elementor-widget elementor-widget-spacer\" data-id=\"cdb8fee\" data-element_type=\"widget\" data-widget_type=\"spacer.default\">\n\t\t\t\t<div class=\"elementor-widget-container\">\n\t\t\t\t\t\t\t<div class=\"elementor-spacer\">\n\t\t\t<div class=\"elementor-spacer-inner\"><\/div>\n\t\t<\/div>\n\t\t\t\t\t\t<\/div>\n\t\t\t\t<\/div>\n\t\t\t\t<div class=\"elementor-element elementor-element-61ab1d7 elementor-widget elementor-widget-heading\" data-id=\"61ab1d7\" data-element_type=\"widget\" data-widget_type=\"heading.default\">\n\t\t\t\t<div class=\"elementor-widget-container\">\n\t\t\t\t\t<h1 class=\"elementor-heading-title elementor-size-default\">Crucero AmaMagdalena<\/h1>\t\t\t\t<\/div>\n\t\t\t\t<\/div>\n\t\t\t\t<div class=\"elementor-element elementor-element-a0dbc01 elementor-widget-divider--view-line elementor-widget elementor-widget-divider\" data-id=\"a0dbc01\" data-element_type=\"widget\" data-widget_type=\"divider.default\">\n\t\t\t\t<div class=\"elementor-widget-container\">\n\t\t\t\t\t\t\t<div class=\"elementor-divider\">\n\t\t\t<span class=\"elementor-divider-separator\">\n\t\t\t\t\t\t<\/span>\n\t\t<\/div>\n\t\t\t\t\t\t<\/div>\n\t\t\t\t<\/div>\n\t\t\t\t<div class=\"elementor-element elementor-element-37487a1 elementor-widget elementor-widget-spacer\" data-id=\"37487a1\" data-element_type=\"widget\" data-widget_type=\"spacer.default\">\n\t\t\t\t<div class=\"elementor-widget-container\">\n\t\t\t\t\t\t\t<div class=\"elementor-spacer\">\n\t\t\t<div class=\"elementor-spacer-inner\"><\/div>\n\t\t<\/div>\n\t\t\t\t\t\t<\/div>\n\t\t\t\t<\/div>\n\t\t\t\t\t<\/div>\n\t\t\t\t<\/div>\n\t\t<div class=\"elementor-element elementor-element-d597884 e-flex e-con-boxed e-con e-parent\" data-id=\"d597884\" data-element_type=\"container\">\n\t\t\t\t\t<div class=\"e-con-inner\">\n\t\t<div class=\"elementor-element elementor-element-ce78e2c e-con-full e-flex e-con e-child\" data-id=\"ce78e2c\" data-element_type=\"container\">\n\t\t\t\t<div class=\"elementor-element elementor-element-8600014 elementor-widget elementor-widget-image\" data-id=\"8600014\" data-element_type=\"widget\" data-widget_type=\"image.default\">\n\t\t\t\t<div class=\"elementor-widget-container\">\n\t\t\t\t\t\t\t\t\t\t\t\t\t\t\t<img fetchpriority=\"high\" decoding=\"async\" width=\"1920\" height=\"630\" src=\"https:\/\/sagiengineering.com\/wp-content\/uploads\/2025\/05\/ship_hero_49.jpeg\" class=\"attachment-full size-full wp-image-3632\" alt=\"\" srcset=\"https:\/\/sagiengineering.com\/wp-content\/uploads\/2025\/05\/ship_hero_49.jpeg 1920w, https:\/\/sagiengineering.com\/wp-content\/uploads\/2025\/05\/ship_hero_49-300x98.jpeg 300w, https:\/\/sagiengineering.com\/wp-content\/uploads\/2025\/05\/ship_hero_49-1024x336.jpeg 1024w, https:\/\/sagiengineering.com\/wp-content\/uploads\/2025\/05\/ship_hero_49-768x252.jpeg 768w, https:\/\/sagiengineering.com\/wp-content\/uploads\/2025\/05\/ship_hero_49-1536x504.jpeg 1536w\" sizes=\"(max-width: 1920px) 100vw, 1920px\" \/>\t\t\t\t\t\t\t\t\t\t\t\t\t\t\t<\/div>\n\t\t\t\t<\/div>\n\t\t\t\t<\/div>\n\t\t<div class=\"elementor-element elementor-element-44e09c1 e-con-full e-flex e-con e-child\" data-id=\"44e09c1\" data-element_type=\"container\">\n\t\t\t\t<div class=\"elementor-element elementor-element-1bf109b elementor-widget elementor-widget-text-editor\" data-id=\"1bf109b\" data-element_type=\"widget\" data-widget_type=\"text-editor.default\">\n\t\t\t\t<div class=\"elementor-widget-container\">\n\t\t\t\t\t\t\t\t\t<p>Se realiz\u00f3 el dise\u00f1o de un sistema de refrigeraci\u00f3n VRF de <strong>250 toneladas<\/strong> para un crucero tur\u00edstico en el R\u00edo Magdalena, Colombia.<\/p><p>Se incluy\u00f3 el c\u00e1lculo t\u00e9rmico, la selecci\u00f3n de equipos y las especificaciones t\u00e9cnicas, asegurando <strong>eficiencia energ\u00e9tica<\/strong> y confort clim\u00e1tico durante la operaci\u00f3n.<\/p>\t\t\t\t\t\t\t\t<\/div>\n\t\t\t\t<\/div>\n\t\t\t\t<\/div>\n\t\t\t\t\t<\/div>\n\t\t\t\t<\/div>\n\t\t<div class=\"elementor-element elementor-element-7d92013 e-flex e-con-boxed e-con e-parent\" data-id=\"7d92013\" data-element_type=\"container\">\n\t\t\t\t\t<div class=\"e-con-inner\">\n\t\t\t\t<div class=\"elementor-element elementor-element-b42cc99 elementor-widget elementor-widget-spacer\" data-id=\"b42cc99\" data-element_type=\"widget\" data-widget_type=\"spacer.default\">\n\t\t\t\t<div class=\"elementor-widget-container\">\n\t\t\t\t\t\t\t<div class=\"elementor-spacer\">\n\t\t\t<div class=\"elementor-spacer-inner\"><\/div>\n\t\t<\/div>\n\t\t\t\t\t\t<\/div>\n\t\t\t\t<\/div>\n\t\t\t\t<div class=\"elementor-element elementor-element-311512c gallery-spacing-custom elementor-widget elementor-widget-image-gallery\" data-id=\"311512c\" data-element_type=\"widget\" data-widget_type=\"image-gallery.default\">\n\t\t\t\t<div class=\"elementor-widget-container\">\n\t\t\t\t\t\t\t<div class=\"elementor-image-gallery\">\n\t\t\t<div id='gallery-1' class='gallery galleryid-4247 gallery-columns-2 gallery-size-full'><figure class='gallery-item'>\n\t\t\t<div class='gallery-icon portrait'>\n\t\t\t\t<a data-elementor-open-lightbox=\"yes\" data-elementor-lightbox-slideshow=\"311512c\" data-elementor-lightbox-title=\"2025-05-07 a las 16.39.08_1c591bc8\" data-e-action-hash=\"#elementor-action%3Aaction%3Dlightbox%26settings%3DeyJpZCI6MjUzMSwidXJsIjoiaHR0cHM6XC9cL3NhZ2llbmdpbmVlcmluZy5jb21cL3dwLWNvbnRlbnRcL3VwbG9hZHNcLzIwMjVcLzA1XC8yMDI1LTA1LTA3LWEtbGFzLTE2LjM5LjA4XzFjNTkxYmM4LmpwZyIsInNsaWRlc2hvdyI6IjMxMTUxMmMifQ%3D%3D\" href='https:\/\/sagiengineering.com\/wp-content\/uploads\/2025\/05\/2025-05-07-a-las-16.39.08_1c591bc8.jpg'><img decoding=\"async\" width=\"1200\" height=\"1600\" src=\"https:\/\/sagiengineering.com\/wp-content\/uploads\/2025\/05\/2025-05-07-a-las-16.39.08_1c591bc8.jpg\" class=\"attachment-full size-full\" alt=\"\" srcset=\"https:\/\/sagiengineering.com\/wp-content\/uploads\/2025\/05\/2025-05-07-a-las-16.39.08_1c591bc8.jpg 1200w, https:\/\/sagiengineering.com\/wp-content\/uploads\/2025\/05\/2025-05-07-a-las-16.39.08_1c591bc8-225x300.jpg 225w, https:\/\/sagiengineering.com\/wp-content\/uploads\/2025\/05\/2025-05-07-a-las-16.39.08_1c591bc8-768x1024.jpg 768w, https:\/\/sagiengineering.com\/wp-content\/uploads\/2025\/05\/2025-05-07-a-las-16.39.08_1c591bc8-1152x1536.jpg 1152w\" sizes=\"(max-width: 1200px) 100vw, 1200px\" \/><\/a>\n\t\t\t<\/div><\/figure><figure class='gallery-item'>\n\t\t\t<div class='gallery-icon portrait'>\n\t\t\t\t<a data-elementor-open-lightbox=\"yes\" data-elementor-lightbox-slideshow=\"311512c\" data-elementor-lightbox-title=\"2025-05-07 a las 16.39.07_2706ea00\" data-e-action-hash=\"#elementor-action%3Aaction%3Dlightbox%26settings%3DeyJpZCI6MjUyOSwidXJsIjoiaHR0cHM6XC9cL3NhZ2llbmdpbmVlcmluZy5jb21cL3dwLWNvbnRlbnRcL3VwbG9hZHNcLzIwMjVcLzA1XC8yMDI1LTA1LTA3LWEtbGFzLTE2LjM5LjA3XzI3MDZlYTAwLmpwZyIsInNsaWRlc2hvdyI6IjMxMTUxMmMifQ%3D%3D\" href='https:\/\/sagiengineering.com\/wp-content\/uploads\/2025\/05\/2025-05-07-a-las-16.39.07_2706ea00.jpg'><img decoding=\"async\" width=\"1200\" height=\"1600\" src=\"https:\/\/sagiengineering.com\/wp-content\/uploads\/2025\/05\/2025-05-07-a-las-16.39.07_2706ea00.jpg\" class=\"attachment-full size-full\" alt=\"\" srcset=\"https:\/\/sagiengineering.com\/wp-content\/uploads\/2025\/05\/2025-05-07-a-las-16.39.07_2706ea00.jpg 1200w, https:\/\/sagiengineering.com\/wp-content\/uploads\/2025\/05\/2025-05-07-a-las-16.39.07_2706ea00-225x300.jpg 225w, https:\/\/sagiengineering.com\/wp-content\/uploads\/2025\/05\/2025-05-07-a-las-16.39.07_2706ea00-768x1024.jpg 768w, https:\/\/sagiengineering.com\/wp-content\/uploads\/2025\/05\/2025-05-07-a-las-16.39.07_2706ea00-1152x1536.jpg 1152w\" sizes=\"(max-width: 1200px) 100vw, 1200px\" \/><\/a>\n\t\t\t<\/div><\/figure><figure class='gallery-item'>\n\t\t\t<div class='gallery-icon landscape'>\n\t\t\t\t<a data-elementor-open-lightbox=\"yes\" data-elementor-lightbox-slideshow=\"311512c\" data-elementor-lightbox-title=\"2025-05-07 a las 16.39.07_c495c2f3\" data-e-action-hash=\"#elementor-action%3Aaction%3Dlightbox%26settings%3DeyJpZCI6MjUzMCwidXJsIjoiaHR0cHM6XC9cL3NhZ2llbmdpbmVlcmluZy5jb21cL3dwLWNvbnRlbnRcL3VwbG9hZHNcLzIwMjVcLzA1XC8yMDI1LTA1LTA3LWEtbGFzLTE2LjM5LjA3X2M0OTVjMmYzLmpwZyIsInNsaWRlc2hvdyI6IjMxMTUxMmMifQ%3D%3D\" href='https:\/\/sagiengineering.com\/wp-content\/uploads\/2025\/05\/2025-05-07-a-las-16.39.07_c495c2f3.jpg'><img loading=\"lazy\" decoding=\"async\" width=\"1600\" height=\"1200\" src=\"https:\/\/sagiengineering.com\/wp-content\/uploads\/2025\/05\/2025-05-07-a-las-16.39.07_c495c2f3.jpg\" class=\"attachment-full size-full\" alt=\"\" srcset=\"https:\/\/sagiengineering.com\/wp-content\/uploads\/2025\/05\/2025-05-07-a-las-16.39.07_c495c2f3.jpg 1600w, https:\/\/sagiengineering.com\/wp-content\/uploads\/2025\/05\/2025-05-07-a-las-16.39.07_c495c2f3-300x225.jpg 300w, https:\/\/sagiengineering.com\/wp-content\/uploads\/2025\/05\/2025-05-07-a-las-16.39.07_c495c2f3-1024x768.jpg 1024w, https:\/\/sagiengineering.com\/wp-content\/uploads\/2025\/05\/2025-05-07-a-las-16.39.07_c495c2f3-768x576.jpg 768w, https:\/\/sagiengineering.com\/wp-content\/uploads\/2025\/05\/2025-05-07-a-las-16.39.07_c495c2f3-1536x1152.jpg 1536w\" sizes=\"(max-width: 1600px) 100vw, 1600px\" \/><\/a>\n\t\t\t<\/div><\/figure><figure class='gallery-item'>\n\t\t\t<div class='gallery-icon landscape'>\n\t\t\t\t<a data-elementor-open-lightbox=\"yes\" data-elementor-lightbox-slideshow=\"311512c\" data-elementor-lightbox-title=\"2025-05-07 a las 16.39.07_0fdbb6ef\" data-e-action-hash=\"#elementor-action%3Aaction%3Dlightbox%26settings%3DeyJpZCI6MjUyOCwidXJsIjoiaHR0cHM6XC9cL3NhZ2llbmdpbmVlcmluZy5jb21cL3dwLWNvbnRlbnRcL3VwbG9hZHNcLzIwMjVcLzA1XC8yMDI1LTA1LTA3LWEtbGFzLTE2LjM5LjA3XzBmZGJiNmVmLmpwZyIsInNsaWRlc2hvdyI6IjMxMTUxMmMifQ%3D%3D\" href='https:\/\/sagiengineering.com\/wp-content\/uploads\/2025\/05\/2025-05-07-a-las-16.39.07_0fdbb6ef.jpg'><img loading=\"lazy\" decoding=\"async\" width=\"1600\" height=\"1200\" src=\"https:\/\/sagiengineering.com\/wp-content\/uploads\/2025\/05\/2025-05-07-a-las-16.39.07_0fdbb6ef.jpg\" class=\"attachment-full size-full\" alt=\"\" srcset=\"https:\/\/sagiengineering.com\/wp-content\/uploads\/2025\/05\/2025-05-07-a-las-16.39.07_0fdbb6ef.jpg 1600w, https:\/\/sagiengineering.com\/wp-content\/uploads\/2025\/05\/2025-05-07-a-las-16.39.07_0fdbb6ef-300x225.jpg 300w, https:\/\/sagiengineering.com\/wp-content\/uploads\/2025\/05\/2025-05-07-a-las-16.39.07_0fdbb6ef-1024x768.jpg 1024w, https:\/\/sagiengineering.com\/wp-content\/uploads\/2025\/05\/2025-05-07-a-las-16.39.07_0fdbb6ef-768x576.jpg 768w, https:\/\/sagiengineering.com\/wp-content\/uploads\/2025\/05\/2025-05-07-a-las-16.39.07_0fdbb6ef-1536x1152.jpg 1536w\" sizes=\"(max-width: 1600px) 100vw, 1600px\" \/><\/a>\n\t\t\t<\/div><\/figure>\n\t\t<\/div>\n\t\t<\/div>\n\t\t\t\t\t\t<\/div>\n\t\t\t\t<\/div>\n\t\t\t\t<div class=\"elementor-element elementor-element-e8b1aff elementor-widget elementor-widget-spacer\" data-id=\"e8b1aff\" data-element_type=\"widget\" data-widget_type=\"spacer.default\">\n\t\t\t\t<div class=\"elementor-widget-container\">\n\t\t\t\t\t\t\t<div class=\"elementor-spacer\">\n\t\t\t<div class=\"elementor-spacer-inner\"><\/div>\n\t\t<\/div>\n\t\t\t\t\t\t<\/div>\n\t\t\t\t<\/div>\n\t\t\t\t\t<\/div>\n\t\t\t\t<\/div>\n\t\t\t\t<section class=\"elementor-section elementor-top-section elementor-element elementor-element-774675ac elementor-section-content-middle elementor-section-boxed elementor-section-height-default elementor-section-height-default\" data-id=\"774675ac\" data-element_type=\"section\" data-settings=\"{&quot;background_background&quot;:&quot;classic&quot;}\">\n\t\t\t\t\t\t\t<div class=\"elementor-background-overlay\"><\/div>\n\t\t\t\t\t\t\t<div class=\"elementor-container elementor-column-gap-default\">\n\t\t\t\t\t<div class=\"elementor-column elementor-col-50 elementor-top-column elementor-element elementor-element-9e615cd\" data-id=\"9e615cd\" data-element_type=\"column\">\n\t\t\t<div class=\"elementor-widget-wrap elementor-element-populated\">\n\t\t\t\t\t\t<div class=\"elementor-element elementor-element-1c87032f elementor-widget elementor-widget-heading\" data-id=\"1c87032f\" data-element_type=\"widget\" data-widget_type=\"heading.default\">\n\t\t\t\t<div class=\"elementor-widget-container\">\n\t\t\t\t\t<h1 class=\"elementor-heading-title elementor-size-default\">Contactenos hoy<\/h1>\t\t\t\t<\/div>\n\t\t\t\t<\/div>\n\t\t\t\t<div class=\"elementor-element elementor-element-4f35f3c5 elementor-widget elementor-widget-button\" data-id=\"4f35f3c5\" data-element_type=\"widget\" data-widget_type=\"button.default\">\n\t\t\t\t<div class=\"elementor-widget-container\">\n\t\t\t\t\t\t\t\t\t<div class=\"elementor-button-wrapper\">\n\t\t\t\t\t<a class=\"elementor-button elementor-button-link elementor-size-md\" href=\"#\">\n\t\t\t\t\t\t<span class=\"elementor-button-content-wrapper\">\n\t\t\t\t\t\t\t\t\t<span class=\"elementor-button-text\">Cont\u00e1ctanos<\/span>\n\t\t\t\t\t<\/span>\n\t\t\t\t\t<\/a>\n\t\t\t\t<\/div>\n\t\t\t\t\t\t\t\t<\/div>\n\t\t\t\t<\/div>\n\t\t\t\t\t<\/div>\n\t\t<\/div>\n\t\t\t\t<div class=\"elementor-column elementor-col-50 elementor-top-column elementor-element elementor-element-7bebad40\" data-id=\"7bebad40\" data-element_type=\"column\">\n\t\t\t<div class=\"elementor-widget-wrap elementor-element-populated\">\n\t\t\t\t\t\t<div class=\"elementor-element elementor-element-156c8fef elementor-widget elementor-widget-heading\" data-id=\"156c8fef\" data-element_type=\"widget\" data-widget_type=\"heading.default\">\n\t\t\t\t<div class=\"elementor-widget-container\">\n\t\t\t\t\t<h6 class=\"elementor-heading-title elementor-size-default\">Play Intro<\/h6>\t\t\t\t<\/div>\n\t\t\t\t<\/div>\n\t\t\t\t\t<\/div>\n\t\t<\/div>\n\t\t\t\t\t<\/div>\n\t\t<\/section>\n\t\t\t\t<\/div>\n\t\t","protected":false},"excerpt":{"rendered":"<p>Proyectos Destacados Cada proyecto cuenta una historia de innovaci\u00f3n, precisi\u00f3n y compromiso con la excelencia en soluciones de ingenier\u00eda y energ\u00eda Crucero AmaMagdalena Se realiz\u00f3 el dise\u00f1o de un sistema de refrigeraci\u00f3n VRF de 250 toneladas para un crucero tur\u00edstico en el R\u00edo Magdalena, Colombia. Se incluy\u00f3 el c\u00e1lculo t\u00e9rmico, la selecci\u00f3n de equipos y [&hellip;]<\/p>\n","protected":false},"author":1,"featured_media":0,"parent":0,"menu_order":0,"comment_status":"closed","ping_status":"closed","template":"","meta":{"_monsterinsights_skip_tracking":false,"_monsterinsights_sitenote_active":false,"_monsterinsights_sitenote_note":"","_monsterinsights_sitenote_category":0,"_uf_show_specific_survey":0,"_uf_disable_surveys":false,"footnotes":""},"class_list":["post-4247","page","type-page","status-publish","hentry"],"aioseo_notices":[],"_links":{"self":[{"href":"https:\/\/sagiengineering.com\/es\/wp-json\/wp\/v2\/pages\/4247","targetHints":{"allow":["GET"]}}],"collection":[{"href":"https:\/\/sagiengineering.com\/es\/wp-json\/wp\/v2\/pages"}],"about":[{"href":"https:\/\/sagiengineering.com\/es\/wp-json\/wp\/v2\/types\/page"}],"author":[{"embeddable":true,"href":"https:\/\/sagiengineering.com\/es\/wp-json\/wp\/v2\/users\/1"}],"replies":[{"embeddable":true,"href":"https:\/\/sagiengineering.com\/es\/wp-json\/wp\/v2\/comments?post=4247"}],"version-history":[{"count":28,"href":"https:\/\/sagiengineering.com\/es\/wp-json\/wp\/v2\/pages\/4247\/revisions"}],"predecessor-version":[{"id":4676,"href":"https:\/\/sagiengineering.com\/es\/wp-json\/wp\/v2\/pages\/4247\/revisions\/4676"}],"wp:attachment":[{"href":"https:\/\/sagiengineering.com\/es\/wp-json\/wp\/v2\/media?parent=4247"}],"curies":[{"name":"wp","href":"https:\/\/api.w.org\/{rel}","templated":true}]}}