{"id":4248,"date":"2025-05-28T20:07:55","date_gmt":"2025-05-28T20:07:55","guid":{"rendered":"https:\/\/sagiengineering.com\/?page_id=4248"},"modified":"2025-06-13T19:51:14","modified_gmt":"2025-06-13T19:51:14","slug":"proyectos-3","status":"publish","type":"page","link":"https:\/\/sagiengineering.com\/es\/proyectos-3\/","title":{"rendered":"Proyectos &#8211; 3"},"content":{"rendered":"\t\t<div data-elementor-type=\"wp-page\" data-elementor-id=\"4248\" class=\"elementor elementor-4248\" data-elementor-post-type=\"page\">\n\t\t\t\t<div class=\"elementor-element elementor-element-a0179f3 e-flex e-con-boxed e-con e-parent\" data-id=\"a0179f3\" data-element_type=\"container\" data-settings=\"{&quot;background_background&quot;:&quot;classic&quot;}\">\n\t\t\t\t\t<div class=\"e-con-inner\">\n\t\t<div class=\"elementor-element elementor-element-5b4fec1 e-con-full e-flex e-con e-child\" data-id=\"5b4fec1\" data-element_type=\"container\">\n\t\t\t\t<div class=\"elementor-element elementor-element-54aab66 elementor-widget elementor-widget-heading\" data-id=\"54aab66\" data-element_type=\"widget\" data-widget_type=\"heading.default\">\n\t\t\t\t<div class=\"elementor-widget-container\">\n\t\t\t\t\t<h1 class=\"elementor-heading-title elementor-size-default\">Proyectos Destacados<\/h1>\t\t\t\t<\/div>\n\t\t\t\t<\/div>\n\t\t\t\t<div class=\"elementor-element elementor-element-e56ef5a elementor-widget elementor-widget-heading\" data-id=\"e56ef5a\" data-element_type=\"widget\" data-widget_type=\"heading.default\">\n\t\t\t\t<div class=\"elementor-widget-container\">\n\t\t\t\t\t<h5 class=\"elementor-heading-title elementor-size-default\">Cada proyecto cuenta una historia de innovaci\u00f3n, precisi\u00f3n y compromiso con la excelencia en soluciones de ingenier\u00eda y energ\u00eda<\/h5>\t\t\t\t<\/div>\n\t\t\t\t<\/div>\n\t\t\t\t<\/div>\n\t\t\t\t\t<\/div>\n\t\t\t\t<\/div>\n\t\t<div class=\"elementor-element elementor-element-a7f1f75 e-flex e-con-boxed e-con e-parent\" data-id=\"a7f1f75\" data-element_type=\"container\">\n\t\t\t\t\t<div class=\"e-con-inner\">\n\t\t\t\t<div class=\"elementor-element elementor-element-cdb8fee elementor-widget elementor-widget-spacer\" data-id=\"cdb8fee\" data-element_type=\"widget\" data-widget_type=\"spacer.default\">\n\t\t\t\t<div class=\"elementor-widget-container\">\n\t\t\t\t\t\t\t<div class=\"elementor-spacer\">\n\t\t\t<div class=\"elementor-spacer-inner\"><\/div>\n\t\t<\/div>\n\t\t\t\t\t\t<\/div>\n\t\t\t\t<\/div>\n\t\t\t\t<div class=\"elementor-element elementor-element-61ab1d7 elementor-widget elementor-widget-heading\" data-id=\"61ab1d7\" data-element_type=\"widget\" data-widget_type=\"heading.default\">\n\t\t\t\t<div class=\"elementor-widget-container\">\n\t\t\t\t\t<h1 class=\"elementor-heading-title elementor-size-default\">Concesionario Autoroble<\/h1>\t\t\t\t<\/div>\n\t\t\t\t<\/div>\n\t\t\t\t<div class=\"elementor-element elementor-element-a0dbc01 elementor-widget-divider--view-line elementor-widget elementor-widget-divider\" data-id=\"a0dbc01\" data-element_type=\"widget\" data-widget_type=\"divider.default\">\n\t\t\t\t<div class=\"elementor-widget-container\">\n\t\t\t\t\t\t\t<div class=\"elementor-divider\">\n\t\t\t<span class=\"elementor-divider-separator\">\n\t\t\t\t\t\t<\/span>\n\t\t<\/div>\n\t\t\t\t\t\t<\/div>\n\t\t\t\t<\/div>\n\t\t\t\t<div class=\"elementor-element elementor-element-37487a1 elementor-widget elementor-widget-spacer\" data-id=\"37487a1\" data-element_type=\"widget\" data-widget_type=\"spacer.default\">\n\t\t\t\t<div class=\"elementor-widget-container\">\n\t\t\t\t\t\t\t<div class=\"elementor-spacer\">\n\t\t\t<div class=\"elementor-spacer-inner\"><\/div>\n\t\t<\/div>\n\t\t\t\t\t\t<\/div>\n\t\t\t\t<\/div>\n\t\t\t\t\t<\/div>\n\t\t\t\t<\/div>\n\t\t<div class=\"elementor-element elementor-element-d597884 e-flex e-con-boxed e-con e-parent\" data-id=\"d597884\" data-element_type=\"container\">\n\t\t\t\t\t<div class=\"e-con-inner\">\n\t\t<div class=\"elementor-element elementor-element-ce78e2c e-con-full e-flex e-con e-child\" data-id=\"ce78e2c\" data-element_type=\"container\">\n\t\t\t\t<div class=\"elementor-element elementor-element-8600014 elementor-widget elementor-widget-image\" data-id=\"8600014\" data-element_type=\"widget\" data-widget_type=\"image.default\">\n\t\t\t\t<div class=\"elementor-widget-container\">\n\t\t\t\t\t\t\t\t\t\t\t\t\t\t\t<img fetchpriority=\"high\" decoding=\"async\" width=\"1260\" height=\"773\" src=\"https:\/\/sagiengineering.com\/wp-content\/uploads\/2025\/05\/Autorobles-4-e1748547262875.jpg\" class=\"attachment-full size-full wp-image-2535\" alt=\"\" srcset=\"https:\/\/sagiengineering.com\/wp-content\/uploads\/2025\/05\/Autorobles-4-e1748547262875.jpg 1260w, https:\/\/sagiengineering.com\/wp-content\/uploads\/2025\/05\/Autorobles-4-e1748547262875-300x184.jpg 300w, https:\/\/sagiengineering.com\/wp-content\/uploads\/2025\/05\/Autorobles-4-e1748547262875-1024x628.jpg 1024w, https:\/\/sagiengineering.com\/wp-content\/uploads\/2025\/05\/Autorobles-4-e1748547262875-768x471.jpg 768w, https:\/\/sagiengineering.com\/wp-content\/uploads\/2025\/05\/Autorobles-4-e1748547262875-18x12.jpg 18w\" sizes=\"(max-width: 1260px) 100vw, 1260px\" \/>\t\t\t\t\t\t\t\t\t\t\t\t\t\t\t<\/div>\n\t\t\t\t<\/div>\n\t\t\t\t<\/div>\n\t\t<div class=\"elementor-element elementor-element-44e09c1 e-con-full e-flex e-con e-child\" data-id=\"44e09c1\" data-element_type=\"container\">\n\t\t\t\t<div class=\"elementor-element elementor-element-1bf109b elementor-widget elementor-widget-text-editor\" data-id=\"1bf109b\" data-element_type=\"widget\" data-widget_type=\"text-editor.default\">\n\t\t\t\t<div class=\"elementor-widget-container\">\n\t\t\t\t\t\t\t\t\t<p>Se llev\u00f3 a cabo el dise\u00f1o integral del <strong>sistema HVAC<\/strong> para un concesionario de veh\u00edculos ubicado en Sincelejo, Sucre, implementando unidades tipo paquete de <strong>50 toneladas de refrigeraci\u00f3n<\/strong>, totalmente automatizadas y configuradas con sistemas de presurizaci\u00f3n para evitar la condensaci\u00f3n en espacios cr\u00edticos.<\/p><p>El proyecto contempl\u00f3 soluciones de climatizaci\u00f3n adaptadas al clima c\u00e1lido de la regi\u00f3n, asegurando un alto nivel de eficiencia energ\u00e9tica, confort t\u00e9rmico para clientes y personal, y un funcionamiento confiable en condiciones de operaci\u00f3n continua.<\/p>\t\t\t\t\t\t\t\t<\/div>\n\t\t\t\t<\/div>\n\t\t\t\t<\/div>\n\t\t\t\t\t<\/div>\n\t\t\t\t<\/div>\n\t\t<div class=\"elementor-element elementor-element-7d92013 e-flex e-con-boxed e-con e-parent\" data-id=\"7d92013\" data-element_type=\"container\">\n\t\t\t\t\t<div class=\"e-con-inner\">\n\t\t\t\t<div class=\"elementor-element elementor-element-b42cc99 elementor-widget elementor-widget-spacer\" data-id=\"b42cc99\" data-element_type=\"widget\" data-widget_type=\"spacer.default\">\n\t\t\t\t<div class=\"elementor-widget-container\">\n\t\t\t\t\t\t\t<div class=\"elementor-spacer\">\n\t\t\t<div class=\"elementor-spacer-inner\"><\/div>\n\t\t<\/div>\n\t\t\t\t\t\t<\/div>\n\t\t\t\t<\/div>\n\t\t\t\t<div class=\"elementor-element elementor-element-311512c gallery-spacing-custom elementor-widget elementor-widget-image-gallery\" data-id=\"311512c\" data-element_type=\"widget\" data-widget_type=\"image-gallery.default\">\n\t\t\t\t<div class=\"elementor-widget-container\">\n\t\t\t\t\t\t\t<div class=\"elementor-image-gallery\">\n\t\t\t<div id='gallery-1' class='gallery galleryid-4248 gallery-columns-3 gallery-size-full'><figure class='gallery-item'>\n\t\t\t<div class='gallery-icon landscape'>\n\t\t\t\t<a data-elementor-open-lightbox=\"yes\" data-elementor-lightbox-slideshow=\"311512c\" data-elementor-lightbox-title=\"Autorobles 2\" data-e-action-hash=\"#elementor-action%3Aaction%3Dlightbox%26settings%3DeyJpZCI6MjUzNywidXJsIjoiaHR0cHM6XC9cL3NhZ2llbmdpbmVlcmluZy5jb21cL3dwLWNvbnRlbnRcL3VwbG9hZHNcLzIwMjVcLzA1XC9BdXRvcm9ibGVzLTIuanBnIiwic2xpZGVzaG93IjoiMzExNTEyYyJ9\" href='https:\/\/sagiengineering.com\/wp-content\/uploads\/2025\/05\/Autorobles-2.jpg'><img decoding=\"async\" width=\"1280\" height=\"960\" src=\"https:\/\/sagiengineering.com\/wp-content\/uploads\/2025\/05\/Autorobles-2.jpg\" class=\"attachment-full size-full\" alt=\"\" srcset=\"https:\/\/sagiengineering.com\/wp-content\/uploads\/2025\/05\/Autorobles-2.jpg 1280w, https:\/\/sagiengineering.com\/wp-content\/uploads\/2025\/05\/Autorobles-2-300x225.jpg 300w, https:\/\/sagiengineering.com\/wp-content\/uploads\/2025\/05\/Autorobles-2-1024x768.jpg 1024w, https:\/\/sagiengineering.com\/wp-content\/uploads\/2025\/05\/Autorobles-2-768x576.jpg 768w\" sizes=\"(max-width: 1280px) 100vw, 1280px\" \/><\/a>\n\t\t\t<\/div><\/figure><figure class='gallery-item'>\n\t\t\t<div class='gallery-icon landscape'>\n\t\t\t\t<a data-elementor-open-lightbox=\"yes\" data-elementor-lightbox-slideshow=\"311512c\" data-elementor-lightbox-title=\"Autorobles 1\" data-e-action-hash=\"#elementor-action%3Aaction%3Dlightbox%26settings%3DeyJpZCI6MjUzNiwidXJsIjoiaHR0cHM6XC9cL3NhZ2llbmdpbmVlcmluZy5jb21cL3dwLWNvbnRlbnRcL3VwbG9hZHNcLzIwMjVcLzA1XC9BdXRvcm9ibGVzLTEuanBnIiwic2xpZGVzaG93IjoiMzExNTEyYyJ9\" href='https:\/\/sagiengineering.com\/wp-content\/uploads\/2025\/05\/Autorobles-1.jpg'><img decoding=\"async\" width=\"1280\" height=\"960\" src=\"https:\/\/sagiengineering.com\/wp-content\/uploads\/2025\/05\/Autorobles-1.jpg\" class=\"attachment-full size-full\" alt=\"\" srcset=\"https:\/\/sagiengineering.com\/wp-content\/uploads\/2025\/05\/Autorobles-1.jpg 1280w, https:\/\/sagiengineering.com\/wp-content\/uploads\/2025\/05\/Autorobles-1-300x225.jpg 300w, https:\/\/sagiengineering.com\/wp-content\/uploads\/2025\/05\/Autorobles-1-1024x768.jpg 1024w, https:\/\/sagiengineering.com\/wp-content\/uploads\/2025\/05\/Autorobles-1-768x576.jpg 768w\" sizes=\"(max-width: 1280px) 100vw, 1280px\" \/><\/a>\n\t\t\t<\/div><\/figure><figure class='gallery-item'>\n\t\t\t<div class='gallery-icon landscape'>\n\t\t\t\t<a data-elementor-open-lightbox=\"yes\" data-elementor-lightbox-slideshow=\"311512c\" data-elementor-lightbox-title=\"Autorobles 3\" data-e-action-hash=\"#elementor-action%3Aaction%3Dlightbox%26settings%3DeyJpZCI6MjUzNCwidXJsIjoiaHR0cHM6XC9cL3NhZ2llbmdpbmVlcmluZy5jb21cL3dwLWNvbnRlbnRcL3VwbG9hZHNcLzIwMjVcLzA1XC9BdXRvcm9ibGVzLTMuanBnIiwic2xpZGVzaG93IjoiMzExNTEyYyJ9\" href='https:\/\/sagiengineering.com\/wp-content\/uploads\/2025\/05\/Autorobles-3.jpg'><img loading=\"lazy\" decoding=\"async\" width=\"1280\" height=\"960\" src=\"https:\/\/sagiengineering.com\/wp-content\/uploads\/2025\/05\/Autorobles-3.jpg\" class=\"attachment-full size-full\" alt=\"\" srcset=\"https:\/\/sagiengineering.com\/wp-content\/uploads\/2025\/05\/Autorobles-3.jpg 1280w, https:\/\/sagiengineering.com\/wp-content\/uploads\/2025\/05\/Autorobles-3-300x225.jpg 300w, https:\/\/sagiengineering.com\/wp-content\/uploads\/2025\/05\/Autorobles-3-1024x768.jpg 1024w, https:\/\/sagiengineering.com\/wp-content\/uploads\/2025\/05\/Autorobles-3-768x576.jpg 768w\" sizes=\"(max-width: 1280px) 100vw, 1280px\" \/><\/a>\n\t\t\t<\/div><\/figure>\n\t\t<\/div>\n\t\t<\/div>\n\t\t\t\t\t\t<\/div>\n\t\t\t\t<\/div>\n\t\t\t\t<div class=\"elementor-element elementor-element-e8b1aff elementor-widget elementor-widget-spacer\" data-id=\"e8b1aff\" data-element_type=\"widget\" data-widget_type=\"spacer.default\">\n\t\t\t\t<div class=\"elementor-widget-container\">\n\t\t\t\t\t\t\t<div class=\"elementor-spacer\">\n\t\t\t<div class=\"elementor-spacer-inner\"><\/div>\n\t\t<\/div>\n\t\t\t\t\t\t<\/div>\n\t\t\t\t<\/div>\n\t\t\t\t\t<\/div>\n\t\t\t\t<\/div>\n\t\t\t\t<section class=\"elementor-section elementor-top-section elementor-element elementor-element-774675ac elementor-section-content-middle elementor-section-boxed elementor-section-height-default elementor-section-height-default\" data-id=\"774675ac\" data-element_type=\"section\" data-settings=\"{&quot;background_background&quot;:&quot;classic&quot;}\">\n\t\t\t\t\t\t\t<div class=\"elementor-background-overlay\"><\/div>\n\t\t\t\t\t\t\t<div class=\"elementor-container elementor-column-gap-default\">\n\t\t\t\t\t<div class=\"elementor-column elementor-col-50 elementor-top-column elementor-element elementor-element-9e615cd\" data-id=\"9e615cd\" data-element_type=\"column\">\n\t\t\t<div class=\"elementor-widget-wrap elementor-element-populated\">\n\t\t\t\t\t\t<div class=\"elementor-element elementor-element-1c87032f elementor-widget elementor-widget-heading\" data-id=\"1c87032f\" data-element_type=\"widget\" data-widget_type=\"heading.default\">\n\t\t\t\t<div class=\"elementor-widget-container\">\n\t\t\t\t\t<h1 class=\"elementor-heading-title elementor-size-default\">Contactenos hoy<\/h1>\t\t\t\t<\/div>\n\t\t\t\t<\/div>\n\t\t\t\t<div class=\"elementor-element elementor-element-4f35f3c5 elementor-widget elementor-widget-button\" data-id=\"4f35f3c5\" data-element_type=\"widget\" data-widget_type=\"button.default\">\n\t\t\t\t<div class=\"elementor-widget-container\">\n\t\t\t\t\t\t\t\t\t<div class=\"elementor-button-wrapper\">\n\t\t\t\t\t<a class=\"elementor-button elementor-button-link elementor-size-md\" href=\"#\">\n\t\t\t\t\t\t<span class=\"elementor-button-content-wrapper\">\n\t\t\t\t\t\t\t\t\t<span class=\"elementor-button-text\">Cont\u00e1ctanos<\/span>\n\t\t\t\t\t<\/span>\n\t\t\t\t\t<\/a>\n\t\t\t\t<\/div>\n\t\t\t\t\t\t\t\t<\/div>\n\t\t\t\t<\/div>\n\t\t\t\t\t<\/div>\n\t\t<\/div>\n\t\t\t\t<div class=\"elementor-column elementor-col-50 elementor-top-column elementor-element elementor-element-7bebad40\" data-id=\"7bebad40\" data-element_type=\"column\">\n\t\t\t<div class=\"elementor-widget-wrap elementor-element-populated\">\n\t\t\t\t\t\t\t<\/div>\n\t\t<\/div>\n\t\t\t\t\t<\/div>\n\t\t<\/section>\n\t\t\t\t<\/div>\n\t\t","protected":false},"excerpt":{"rendered":"<p>Proyectos Destacados Cada proyecto cuenta una historia de innovaci\u00f3n, precisi\u00f3n y compromiso con la excelencia en soluciones de ingenier\u00eda y energ\u00eda Concesionario Autoroble Se llev\u00f3 a cabo el dise\u00f1o integral del sistema HVAC para un concesionario de veh\u00edculos ubicado en Sincelejo, Sucre, implementando unidades tipo paquete de 50 toneladas de refrigeraci\u00f3n, totalmente automatizadas y configuradas [&hellip;]<\/p>\n","protected":false},"author":1,"featured_media":0,"parent":0,"menu_order":0,"comment_status":"closed","ping_status":"closed","template":"","meta":{"_monsterinsights_skip_tracking":false,"_monsterinsights_sitenote_active":false,"_monsterinsights_sitenote_note":"","_monsterinsights_sitenote_category":0,"_uf_show_specific_survey":0,"_uf_disable_surveys":false,"footnotes":""},"class_list":["post-4248","page","type-page","status-publish","hentry"],"aioseo_notices":[],"_links":{"self":[{"href":"https:\/\/sagiengineering.com\/es\/wp-json\/wp\/v2\/pages\/4248","targetHints":{"allow":["GET"]}}],"collection":[{"href":"https:\/\/sagiengineering.com\/es\/wp-json\/wp\/v2\/pages"}],"about":[{"href":"https:\/\/sagiengineering.com\/es\/wp-json\/wp\/v2\/types\/page"}],"author":[{"embeddable":true,"href":"https:\/\/sagiengineering.com\/es\/wp-json\/wp\/v2\/users\/1"}],"replies":[{"embeddable":true,"href":"https:\/\/sagiengineering.com\/es\/wp-json\/wp\/v2\/comments?post=4248"}],"version-history":[{"count":19,"href":"https:\/\/sagiengineering.com\/es\/wp-json\/wp\/v2\/pages\/4248\/revisions"}],"predecessor-version":[{"id":4679,"href":"https:\/\/sagiengineering.com\/es\/wp-json\/wp\/v2\/pages\/4248\/revisions\/4679"}],"wp:attachment":[{"href":"https:\/\/sagiengineering.com\/es\/wp-json\/wp\/v2\/media?parent=4248"}],"curies":[{"name":"wp","href":"https:\/\/api.w.org\/{rel}","templated":true}]}}